{"id":1690,"date":"2017-02-14T14:15:34","date_gmt":"2017-02-14T14:15:34","guid":{"rendered":"http:\/\/www.huabn.eu\/?page_id=1690"},"modified":"2023-05-03T07:55:55","modified_gmt":"2023-05-03T07:55:55","slug":"lebensinn-mentaltraining","status":"publish","type":"page","link":"https:\/\/huabn.eu\/?page_id=1690","title":{"rendered":"LebenSinn &#8211; Mentaltraining"},"content":{"rendered":"<p align=\"JUSTIFY\"><span style=\"font-size: 12pt;\"><a href=\"http:\/\/www.huabn.eu\/wp-content\/uploads\/2013\/06\/Logo-.jpg\"><img loading=\"lazy\" decoding=\"async\" class=\" wp-image-1132 alignnone\" src=\"http:\/\/www.huabn.eu\/wp-content\/uploads\/2013\/06\/Logo-.jpg\" alt=\"Logo\" width=\"552\" height=\"84\" srcset=\"https:\/\/huabn.eu\/wp-content\/uploads\/2013\/06\/Logo-.jpg 624w, https:\/\/huabn.eu\/wp-content\/uploads\/2013\/06\/Logo--300x45.jpg 300w, https:\/\/huabn.eu\/wp-content\/uploads\/2013\/06\/Logo--30x4.jpg 30w\" sizes=\"(max-width: 552px) 100vw, 552px\" \/><\/a><\/span><\/p>\n<p align=\"JUSTIFY\"><span style=\"color: #993300; font-size: 12pt;\"><span style=\"font-family: Arial,sans-serif;\">Jeder Mensch denkt ca 60 000 Gedanken pro Tag.<\/span><\/span><\/p>\n<p><span style=\"font-family: Arial, sans-serif; font-size: 12pt;\"><a href=\"http:\/\/www.huabn.eu\/wp-content\/uploads\/2017\/02\/Gedanken.jpg\"><img loading=\"lazy\" decoding=\"async\" class=\"size-medium wp-image-1691 alignleft\" src=\"http:\/\/www.huabn.eu\/wp-content\/uploads\/2017\/02\/Gedanken-300x201.jpg\" alt=\"Gedanken\" width=\"300\" height=\"201\" srcset=\"https:\/\/huabn.eu\/wp-content\/uploads\/2017\/02\/Gedanken-300x201.jpg 300w, https:\/\/huabn.eu\/wp-content\/uploads\/2017\/02\/Gedanken-768x514.jpg 768w, https:\/\/huabn.eu\/wp-content\/uploads\/2017\/02\/Gedanken-30x20.jpg 30w, https:\/\/huabn.eu\/wp-content\/uploads\/2017\/02\/Gedanken.jpg 990w\" sizes=\"(max-width: 300px) 100vw, 300px\" \/><\/a><\/span><\/p>\n<p>&nbsp;<\/p>\n<p align=\"JUSTIFY\"><span style=\"color: #993300; font-size: 12pt;\"><span style=\"font-family: Arial,sans-serif;\"><span lang=\"de-AT\">Ungef\u00e4hr 3% davon sind&nbsp; aufbauende und hilfreiche Gedanken, die Dir und anderen nutzen.<br \/>\nCa 25% sind destruktive Gedanken, die Dir und anderen schaden.<br \/>\n72% sind&nbsp; fl\u00fcchtige Gedanken, unbedeutend und&nbsp; dennoch mit Wirkung auf Dich selbst<\/span><\/span><\/span><\/p>\n<p align=\"LEFT\"><span style=\"font-size: 12pt;\">&nbsp;<\/span><\/p>\n<p align=\"LEFT\"><span style=\"font-size: 12pt;\"><strong><span style=\"color: #993300;\"><span style=\"font-family: Arial,sans-serif;\">Gedanken erzeugen Gef\u00fchle und pr\u00e4gen unsere Einstellung<br \/>\n<\/span><\/span><\/strong><span style=\"color: #993300;\"><span style=\"font-family: Arial,sans-serif;\">Jeder positive oder jeder negative Gedanke bewirkt die entsprechenden Gef\u00fchle. Diese Nachricht ist ersch\u00fctternd, wenn Du die oben angef\u00fchrte Statistik bedenkst.<\/span><\/span><\/span><\/p>\n<p align=\"LEFT\"><span style=\"color: #993300; font-size: 12pt;\"><span style=\"font-family: Arial,sans-serif;\">Die gute Nachricht ist:<br \/>\nEs gibt sehr effektive Werkzeuge, die Dich zum Dirigenten Deiner Gedankensymphonie machen.<br \/>\n<\/span><\/span><\/p>\n<p align=\"LEFT\"><span style=\"font-size: 12pt;\"><strong><span style=\"color: #993300;\"><span style=\"font-family: Arial,sans-serif;\">Das eigene Leben beginnt im eigenen Kopf &#8211; und hier setzt Mentaltraining an.<br \/>\n&gt; <\/span><\/span><\/strong><span style=\"color: #993300;\"><span style=\"font-family: Arial,sans-serif;\">Mentaltraining macht Dich zum Regisseur Deines Lebens<\/span><\/span><strong><span style=\"color: #993300;\"><span style=\"font-family: Arial,sans-serif;\">.<br \/>\n&gt;<\/span><\/span><\/strong><span style=\"color: #993300;\"><span style=\"font-family: Arial,sans-serif;\"> Du erkennst und entmachtest hinderliche \u00dcberzeugungen und Pr\u00e4gungen,<br \/>\nalte erlernte Muster und einengende Grenzen.<br \/>\n<\/span><\/span><strong><span style=\"color: #993300;\"><span style=\"font-family: Arial,sans-serif;\">&gt; <\/span><\/span><\/strong><span style=\"color: #993300;\"><span style=\"font-family: Arial,sans-serif;\">Du entfaltest und nutzt Deine ureigenen Potenziale und Ressourcen.<\/span><\/span><\/span><\/p>\n<p align=\"LEFT\"><span style=\"font-size: 12pt;\"><span style=\"color: #993300;\"><span style=\"font-family: Arial,sans-serif;\"><br \/>\n<\/span><\/span><strong><span style=\"color: #993300;\"><span style=\"font-family: Arial,sans-serif;\">Ein erf\u00fclltes Leben, den richtigen Platz im Miteinander finden, den Herzenswunsch verwirklichen, Erfolg und Gesundheit&#8230;<br \/>\n<\/span><\/span><\/strong><span style=\"color: #993300;\"><span style=\"font-family: Arial,sans-serif;\">&#8230;all das und noch viel mehr kannst Du mit Hilfe von Mentaltraining f\u00fcr Dich gewinnen. <\/span><\/span><\/span><\/p>\n<p align=\"LEFT\"><span style=\"color: #993300; font-size: 12pt;\"><span style=\"font-family: Arial,sans-serif;\">Ich biete:<br \/>\nEinzelcoaching<br \/>\nVortr\u00e4ge<br \/>\nSeminare und Workshops &#8211; ma\u00dfgeschneidert f\u00fcr <a href=\"http:\/\/www.huabn.eu\/?p=1636\" target=\"_blank\" rel=\"noopener\">Unternehmen und Teams<\/a><br \/>\nGeomantie und Mentaltraining <a href=\"http:\/\/www.huabn.eu\/?p=1087\" target=\"_blank\" rel=\"noopener\">Im Herz-Schritt unterwegs<\/a><br \/>\n<\/span><\/span><\/p>\n<p>&nbsp;<\/p>\n<p>&nbsp;<\/p>\n<p><span style=\"font-family: Arial, sans-serif; font-size: 12pt;\">.<\/span><\/p>\n","protected":false},"excerpt":{"rendered":"<p>Jeder Mensch denkt ca 60 000 Gedanken pro Tag. &nbsp; Ungef\u00e4hr 3% davon sind&nbsp; aufbauende und hilfreiche Gedanken, die Dir und anderen nutzen. Ca 25% sind destruktive Gedanken, die Dir und anderen schaden. 72% sind&nbsp; fl\u00fcchtige Gedanken, unbedeutend und&nbsp; dennoch mit Wirkung auf Dich selbst &nbsp; Gedanken erzeugen Gef\u00fchle und pr\u00e4gen unsere Einstellung Jeder positive [&hellip;]<\/p>\n","protected":false},"author":2,"featured_media":0,"parent":792,"menu_order":0,"comment_status":"closed","ping_status":"closed","template":"huabn_template.php","meta":{"_et_pb_use_builder":"","_et_pb_old_content":"","_et_gb_content_width":"","ngg_post_thumbnail":0,"footnotes":""},"class_list":["post-1690","page","type-page","status-publish","hentry"],"yoast_head":"<!-- This site is optimized with the Yoast SEO plugin v27.5 - https:\/\/yoast.com\/product\/yoast-seo-wordpress\/ -->\n<title>LebenSinn - Mentaltraining - Huabn<\/title>\n<meta name=\"robots\" content=\"index, follow, max-snippet:-1, max-image-preview:large, max-video-preview:-1\" \/>\n<link rel=\"canonical\" href=\"https:\/\/huabn.eu\/?page_id=1690\" \/>\n<meta property=\"og:locale\" content=\"de_DE\" \/>\n<meta property=\"og:type\" content=\"article\" \/>\n<meta property=\"og:title\" content=\"LebenSinn - Mentaltraining - Huabn\" \/>\n<meta property=\"og:description\" content=\"Jeder Mensch denkt ca 60 000 Gedanken pro Tag. &nbsp; Ungef\u00e4hr 3% davon sind&nbsp; aufbauende und hilfreiche Gedanken, die Dir und anderen nutzen. Ca 25% sind destruktive Gedanken, die Dir und anderen schaden. 72% sind&nbsp; fl\u00fcchtige Gedanken, unbedeutend und&nbsp; dennoch mit Wirkung auf Dich selbst &nbsp; Gedanken erzeugen Gef\u00fchle und pr\u00e4gen unsere Einstellung Jeder positive [&hellip;]\" \/>\n<meta property=\"og:url\" content=\"https:\/\/huabn.eu\/?page_id=1690\" \/>\n<meta property=\"og:site_name\" content=\"Huabn\" \/>\n<meta property=\"article:publisher\" content=\"https:\/\/www.facebook.com\/helga.kirchengast\" \/>\n<meta property=\"article:modified_time\" content=\"2023-05-03T07:55:55+00:00\" \/>\n<meta property=\"og:image\" content=\"http:\/\/www.huabn.eu\/wp-content\/uploads\/2013\/06\/Logo-.jpg\" \/>\n<meta name=\"twitter:card\" content=\"summary_large_image\" \/>\n<meta name=\"twitter:label1\" content=\"Gesch\u00e4tzte Lesezeit\" \/>\n\t<meta name=\"twitter:data1\" content=\"2\u00a0Minuten\" \/>\n<script type=\"application\/ld+json\" class=\"yoast-schema-graph\">{\"@context\":\"https:\\\/\\\/schema.org\",\"@graph\":[{\"@type\":\"WebPage\",\"@id\":\"https:\\\/\\\/huabn.eu\\\/?page_id=1690\",\"url\":\"https:\\\/\\\/huabn.eu\\\/?page_id=1690\",\"name\":\"LebenSinn - Mentaltraining - Huabn\",\"isPartOf\":{\"@id\":\"https:\\\/\\\/huabn.eu\\\/#website\"},\"primaryImageOfPage\":{\"@id\":\"https:\\\/\\\/huabn.eu\\\/?page_id=1690#primaryimage\"},\"image\":{\"@id\":\"https:\\\/\\\/huabn.eu\\\/?page_id=1690#primaryimage\"},\"thumbnailUrl\":\"http:\\\/\\\/www.huabn.eu\\\/wp-content\\\/uploads\\\/2013\\\/06\\\/Logo-.jpg\",\"datePublished\":\"2017-02-14T14:15:34+00:00\",\"dateModified\":\"2023-05-03T07:55:55+00:00\",\"breadcrumb\":{\"@id\":\"https:\\\/\\\/huabn.eu\\\/?page_id=1690#breadcrumb\"},\"inLanguage\":\"de\",\"potentialAction\":[{\"@type\":\"ReadAction\",\"target\":[\"https:\\\/\\\/huabn.eu\\\/?page_id=1690\"]}]},{\"@type\":\"ImageObject\",\"inLanguage\":\"de\",\"@id\":\"https:\\\/\\\/huabn.eu\\\/?page_id=1690#primaryimage\",\"url\":\"http:\\\/\\\/www.huabn.eu\\\/wp-content\\\/uploads\\\/2013\\\/06\\\/Logo-.jpg\",\"contentUrl\":\"http:\\\/\\\/www.huabn.eu\\\/wp-content\\\/uploads\\\/2013\\\/06\\\/Logo-.jpg\"},{\"@type\":\"BreadcrumbList\",\"@id\":\"https:\\\/\\\/huabn.eu\\\/?page_id=1690#breadcrumb\",\"itemListElement\":[{\"@type\":\"ListItem\",\"position\":1,\"name\":\"Startseite\",\"item\":\"https:\\\/\\\/huabn.eu\\\/\"},{\"@type\":\"ListItem\",\"position\":2,\"name\":\"LEBENSINN &#038; HUABN\",\"item\":\"https:\\\/\\\/huabn.eu\\\/?page_id=792\"},{\"@type\":\"ListItem\",\"position\":3,\"name\":\"LebenSinn &#8211; Mentaltraining\"}]},{\"@type\":\"WebSite\",\"@id\":\"https:\\\/\\\/huabn.eu\\\/#website\",\"url\":\"https:\\\/\\\/huabn.eu\\\/\",\"name\":\"Huabn - Krafttankstelle & Seminarraum\",\"description\":\"Krafttankstelle &amp; Seminarraum\",\"potentialAction\":[{\"@type\":\"SearchAction\",\"target\":{\"@type\":\"EntryPoint\",\"urlTemplate\":\"https:\\\/\\\/huabn.eu\\\/?s={search_term_string}\"},\"query-input\":{\"@type\":\"PropertyValueSpecification\",\"valueRequired\":true,\"valueName\":\"search_term_string\"}}],\"inLanguage\":\"de\"}]}<\/script>\n<!-- \/ Yoast SEO plugin. -->","yoast_head_json":{"title":"LebenSinn - Mentaltraining - Huabn","robots":{"index":"index","follow":"follow","max-snippet":"max-snippet:-1","max-image-preview":"max-image-preview:large","max-video-preview":"max-video-preview:-1"},"canonical":"https:\/\/huabn.eu\/?page_id=1690","og_locale":"de_DE","og_type":"article","og_title":"LebenSinn - Mentaltraining - Huabn","og_description":"Jeder Mensch denkt ca 60 000 Gedanken pro Tag. &nbsp; Ungef\u00e4hr 3% davon sind&nbsp; aufbauende und hilfreiche Gedanken, die Dir und anderen nutzen. Ca 25% sind destruktive Gedanken, die Dir und anderen schaden. 72% sind&nbsp; fl\u00fcchtige Gedanken, unbedeutend und&nbsp; dennoch mit Wirkung auf Dich selbst &nbsp; Gedanken erzeugen Gef\u00fchle und pr\u00e4gen unsere Einstellung Jeder positive [&hellip;]","og_url":"https:\/\/huabn.eu\/?page_id=1690","og_site_name":"Huabn","article_publisher":"https:\/\/www.facebook.com\/helga.kirchengast","article_modified_time":"2023-05-03T07:55:55+00:00","og_image":[{"url":"http:\/\/www.huabn.eu\/wp-content\/uploads\/2013\/06\/Logo-.jpg","type":"","width":"","height":""}],"twitter_card":"summary_large_image","twitter_misc":{"Gesch\u00e4tzte Lesezeit":"2\u00a0Minuten"},"schema":{"@context":"https:\/\/schema.org","@graph":[{"@type":"WebPage","@id":"https:\/\/huabn.eu\/?page_id=1690","url":"https:\/\/huabn.eu\/?page_id=1690","name":"LebenSinn - Mentaltraining - Huabn","isPartOf":{"@id":"https:\/\/huabn.eu\/#website"},"primaryImageOfPage":{"@id":"https:\/\/huabn.eu\/?page_id=1690#primaryimage"},"image":{"@id":"https:\/\/huabn.eu\/?page_id=1690#primaryimage"},"thumbnailUrl":"http:\/\/www.huabn.eu\/wp-content\/uploads\/2013\/06\/Logo-.jpg","datePublished":"2017-02-14T14:15:34+00:00","dateModified":"2023-05-03T07:55:55+00:00","breadcrumb":{"@id":"https:\/\/huabn.eu\/?page_id=1690#breadcrumb"},"inLanguage":"de","potentialAction":[{"@type":"ReadAction","target":["https:\/\/huabn.eu\/?page_id=1690"]}]},{"@type":"ImageObject","inLanguage":"de","@id":"https:\/\/huabn.eu\/?page_id=1690#primaryimage","url":"http:\/\/www.huabn.eu\/wp-content\/uploads\/2013\/06\/Logo-.jpg","contentUrl":"http:\/\/www.huabn.eu\/wp-content\/uploads\/2013\/06\/Logo-.jpg"},{"@type":"BreadcrumbList","@id":"https:\/\/huabn.eu\/?page_id=1690#breadcrumb","itemListElement":[{"@type":"ListItem","position":1,"name":"Startseite","item":"https:\/\/huabn.eu\/"},{"@type":"ListItem","position":2,"name":"LEBENSINN &#038; HUABN","item":"https:\/\/huabn.eu\/?page_id=792"},{"@type":"ListItem","position":3,"name":"LebenSinn &#8211; Mentaltraining"}]},{"@type":"WebSite","@id":"https:\/\/huabn.eu\/#website","url":"https:\/\/huabn.eu\/","name":"Huabn - Krafttankstelle & Seminarraum","description":"Krafttankstelle &amp; Seminarraum","potentialAction":[{"@type":"SearchAction","target":{"@type":"EntryPoint","urlTemplate":"https:\/\/huabn.eu\/?s={search_term_string}"},"query-input":{"@type":"PropertyValueSpecification","valueRequired":true,"valueName":"search_term_string"}}],"inLanguage":"de"}]}},"_links":{"self":[{"href":"https:\/\/huabn.eu\/index.php?rest_route=\/wp\/v2\/pages\/1690","targetHints":{"allow":["GET"]}}],"collection":[{"href":"https:\/\/huabn.eu\/index.php?rest_route=\/wp\/v2\/pages"}],"about":[{"href":"https:\/\/huabn.eu\/index.php?rest_route=\/wp\/v2\/types\/page"}],"author":[{"embeddable":true,"href":"https:\/\/huabn.eu\/index.php?rest_route=\/wp\/v2\/users\/2"}],"replies":[{"embeddable":true,"href":"https:\/\/huabn.eu\/index.php?rest_route=%2Fwp%2Fv2%2Fcomments&post=1690"}],"version-history":[{"count":1,"href":"https:\/\/huabn.eu\/index.php?rest_route=\/wp\/v2\/pages\/1690\/revisions"}],"predecessor-version":[{"id":2110,"href":"https:\/\/huabn.eu\/index.php?rest_route=\/wp\/v2\/pages\/1690\/revisions\/2110"}],"up":[{"embeddable":true,"href":"https:\/\/huabn.eu\/index.php?rest_route=\/wp\/v2\/pages\/792"}],"wp:attachment":[{"href":"https:\/\/huabn.eu\/index.php?rest_route=%2Fwp%2Fv2%2Fmedia&parent=1690"}],"curies":[{"name":"wp","href":"https:\/\/api.w.org\/{rel}","templated":true}]}}