{"id":17,"date":"2011-11-30T20:41:41","date_gmt":"2011-11-30T20:41:41","guid":{"rendered":"http:\/\/www.huabn.eu\/?page_id=17"},"modified":"2023-05-03T08:33:11","modified_gmt":"2023-05-03T08:33:11","slug":"die-huabn-mieten","status":"publish","type":"page","link":"https:\/\/huabn.eu\/?page_id=17","title":{"rendered":"DIE HUABN MIETEN"},"content":{"rendered":"<p><span style=\"font-size: 12pt;\">Vermietung nach individuellen W\u00fcnschen f\u00fcr Ihr Seminar, Ihren Workshop, Ihre Klausur, Ihre Konferenz,&#8230;<\/span><\/p>\n<p><span style=\"font-size: 12pt;\">oder auch Ihre <strong>Feier<\/strong><\/span><\/p>\n<p>&nbsp;<\/p>\n<p><span style=\"color: #008000; font-size: 12pt;\"><strong>Unser Waldraum <\/strong><\/span><br \/>\n<span style=\"font-size: 12pt;\">ist ca 90 m\u00b2 f\u00fcr rund 25 Personen und bietet ein<\/span><\/p>\n<p><span style=\"font-size: 12pt;\">einzigartiges Ambiente mitten im Gr\u00fcnen: absolut ruhig und inspirierend<\/span><\/p>\n<p><span style=\"font-size: 12pt;\"><strong>Ausstattung:<\/strong><\/span><\/p>\n<p><span style=\"font-size: 12pt;\">Heizkamin<\/span><\/p>\n<p><span style=\"font-size: 12pt;\">Decken und Matten<\/span><\/p>\n<p><span style=\"font-size: 12pt;\">Beamer, Flipchart<\/span><\/p>\n<p><span style=\"font-size: 12pt;\">Seminark\u00fcche und Aufenthalts-Galerie<\/span><\/p>\n<p><span style=\"font-size: 12pt;\"><strong>Kosten:<\/strong><\/span><\/p>\n<p><span style=\"font-size: 12pt;\">Tagespauschale sowie stundenweise&nbsp; mit oder ohne Pausenverpflegung<\/span><\/p>\n<p><span style=\"font-size: 12pt;\">nach Vereinbarung<\/span><\/p>\n<p>&nbsp;<\/p>\n<p><span style=\"font-size: 12pt;\">\u00dcbernachtungsm\u00f6glichkeit&nbsp; im ganz nahe gelegenen Gasthof Kulmberghof<\/span><br \/>\n<span style=\"font-size: 12pt;\"><a href=\"http:\/\/www.kulmberghof.at\" target=\"_blank\" rel=\"noopener\">www.kulmberghof.at<\/a><\/span><br \/>\n<span style=\"font-size: 12pt;\">+43 (0)3159\/2382<\/span><br \/>\n<span style=\"font-size: 12pt;\">oder anderen umliegenden Beherbergungsbetrieben auf Anfrage<\/span><\/p>\n<p>&nbsp;<\/p>\n","protected":false},"excerpt":{"rendered":"<p>Vermietung nach individuellen W\u00fcnschen f\u00fcr Ihr Seminar, Ihren Workshop, Ihre Klausur, Ihre Konferenz,&#8230; oder auch Ihre Feier &nbsp; Unser Waldraum ist ca 90 m\u00b2 f\u00fcr rund 25 Personen und bietet ein einzigartiges Ambiente mitten im Gr\u00fcnen: absolut ruhig und inspirierend Ausstattung: Heizkamin Decken und Matten Beamer, Flipchart Seminark\u00fcche und Aufenthalts-Galerie Kosten: Tagespauschale sowie stundenweise&nbsp; mit [&hellip;]<\/p>\n","protected":false},"author":4,"featured_media":0,"parent":0,"menu_order":5,"comment_status":"open","ping_status":"closed","template":"mieten_template.php","meta":{"_et_pb_use_builder":"","_et_pb_old_content":"","_et_gb_content_width":"","ngg_post_thumbnail":0,"footnotes":""},"class_list":["post-17","page","type-page","status-publish","hentry"],"yoast_head":"<!-- This site is optimized with the Yoast SEO plugin v27.5 - https:\/\/yoast.com\/product\/yoast-seo-wordpress\/ -->\n<title>DIE HUABN MIETEN - Huabn<\/title>\n<meta name=\"robots\" content=\"index, follow, max-snippet:-1, max-image-preview:large, max-video-preview:-1\" \/>\n<link rel=\"canonical\" href=\"https:\/\/huabn.eu\/?page_id=17\" \/>\n<meta property=\"og:locale\" content=\"de_DE\" \/>\n<meta property=\"og:type\" content=\"article\" \/>\n<meta property=\"og:title\" content=\"DIE HUABN MIETEN - Huabn\" \/>\n<meta property=\"og:description\" content=\"Vermietung nach individuellen W\u00fcnschen f\u00fcr Ihr Seminar, Ihren Workshop, Ihre Klausur, Ihre Konferenz,&#8230; oder auch Ihre Feier &nbsp; Unser Waldraum ist ca 90 m\u00b2 f\u00fcr rund 25 Personen und bietet ein einzigartiges Ambiente mitten im Gr\u00fcnen: absolut ruhig und inspirierend Ausstattung: Heizkamin Decken und Matten Beamer, Flipchart Seminark\u00fcche und Aufenthalts-Galerie Kosten: Tagespauschale sowie stundenweise&nbsp; mit [&hellip;]\" \/>\n<meta property=\"og:url\" content=\"https:\/\/huabn.eu\/?page_id=17\" \/>\n<meta property=\"og:site_name\" content=\"Huabn\" \/>\n<meta property=\"article:publisher\" content=\"https:\/\/www.facebook.com\/helga.kirchengast\" \/>\n<meta property=\"article:modified_time\" content=\"2023-05-03T08:33:11+00:00\" \/>\n<meta name=\"twitter:card\" content=\"summary_large_image\" \/>\n<meta name=\"twitter:label1\" content=\"Gesch\u00e4tzte Lesezeit\" \/>\n\t<meta name=\"twitter:data1\" content=\"1\u00a0Minute\" \/>\n<script type=\"application\/ld+json\" class=\"yoast-schema-graph\">{\"@context\":\"https:\\\/\\\/schema.org\",\"@graph\":[{\"@type\":\"WebPage\",\"@id\":\"https:\\\/\\\/huabn.eu\\\/?page_id=17\",\"url\":\"https:\\\/\\\/huabn.eu\\\/?page_id=17\",\"name\":\"DIE HUABN MIETEN - Huabn\",\"isPartOf\":{\"@id\":\"https:\\\/\\\/huabn.eu\\\/#website\"},\"datePublished\":\"2011-11-30T20:41:41+00:00\",\"dateModified\":\"2023-05-03T08:33:11+00:00\",\"breadcrumb\":{\"@id\":\"https:\\\/\\\/huabn.eu\\\/?page_id=17#breadcrumb\"},\"inLanguage\":\"de\",\"potentialAction\":[{\"@type\":\"ReadAction\",\"target\":[\"https:\\\/\\\/huabn.eu\\\/?page_id=17\"]}]},{\"@type\":\"BreadcrumbList\",\"@id\":\"https:\\\/\\\/huabn.eu\\\/?page_id=17#breadcrumb\",\"itemListElement\":[{\"@type\":\"ListItem\",\"position\":1,\"name\":\"Startseite\",\"item\":\"https:\\\/\\\/huabn.eu\\\/\"},{\"@type\":\"ListItem\",\"position\":2,\"name\":\"DIE HUABN MIETEN\"}]},{\"@type\":\"WebSite\",\"@id\":\"https:\\\/\\\/huabn.eu\\\/#website\",\"url\":\"https:\\\/\\\/huabn.eu\\\/\",\"name\":\"Huabn - Krafttankstelle & Seminarraum\",\"description\":\"Krafttankstelle &amp; Seminarraum\",\"potentialAction\":[{\"@type\":\"SearchAction\",\"target\":{\"@type\":\"EntryPoint\",\"urlTemplate\":\"https:\\\/\\\/huabn.eu\\\/?s={search_term_string}\"},\"query-input\":{\"@type\":\"PropertyValueSpecification\",\"valueRequired\":true,\"valueName\":\"search_term_string\"}}],\"inLanguage\":\"de\"}]}<\/script>\n<!-- \/ Yoast SEO plugin. -->","yoast_head_json":{"title":"DIE HUABN MIETEN - Huabn","robots":{"index":"index","follow":"follow","max-snippet":"max-snippet:-1","max-image-preview":"max-image-preview:large","max-video-preview":"max-video-preview:-1"},"canonical":"https:\/\/huabn.eu\/?page_id=17","og_locale":"de_DE","og_type":"article","og_title":"DIE HUABN MIETEN - Huabn","og_description":"Vermietung nach individuellen W\u00fcnschen f\u00fcr Ihr Seminar, Ihren Workshop, Ihre Klausur, Ihre Konferenz,&#8230; oder auch Ihre Feier &nbsp; Unser Waldraum ist ca 90 m\u00b2 f\u00fcr rund 25 Personen und bietet ein einzigartiges Ambiente mitten im Gr\u00fcnen: absolut ruhig und inspirierend Ausstattung: Heizkamin Decken und Matten Beamer, Flipchart Seminark\u00fcche und Aufenthalts-Galerie Kosten: Tagespauschale sowie stundenweise&nbsp; mit [&hellip;]","og_url":"https:\/\/huabn.eu\/?page_id=17","og_site_name":"Huabn","article_publisher":"https:\/\/www.facebook.com\/helga.kirchengast","article_modified_time":"2023-05-03T08:33:11+00:00","twitter_card":"summary_large_image","twitter_misc":{"Gesch\u00e4tzte Lesezeit":"1\u00a0Minute"},"schema":{"@context":"https:\/\/schema.org","@graph":[{"@type":"WebPage","@id":"https:\/\/huabn.eu\/?page_id=17","url":"https:\/\/huabn.eu\/?page_id=17","name":"DIE HUABN MIETEN - Huabn","isPartOf":{"@id":"https:\/\/huabn.eu\/#website"},"datePublished":"2011-11-30T20:41:41+00:00","dateModified":"2023-05-03T08:33:11+00:00","breadcrumb":{"@id":"https:\/\/huabn.eu\/?page_id=17#breadcrumb"},"inLanguage":"de","potentialAction":[{"@type":"ReadAction","target":["https:\/\/huabn.eu\/?page_id=17"]}]},{"@type":"BreadcrumbList","@id":"https:\/\/huabn.eu\/?page_id=17#breadcrumb","itemListElement":[{"@type":"ListItem","position":1,"name":"Startseite","item":"https:\/\/huabn.eu\/"},{"@type":"ListItem","position":2,"name":"DIE HUABN MIETEN"}]},{"@type":"WebSite","@id":"https:\/\/huabn.eu\/#website","url":"https:\/\/huabn.eu\/","name":"Huabn - Krafttankstelle & Seminarraum","description":"Krafttankstelle &amp; Seminarraum","potentialAction":[{"@type":"SearchAction","target":{"@type":"EntryPoint","urlTemplate":"https:\/\/huabn.eu\/?s={search_term_string}"},"query-input":{"@type":"PropertyValueSpecification","valueRequired":true,"valueName":"search_term_string"}}],"inLanguage":"de"}]}},"_links":{"self":[{"href":"https:\/\/huabn.eu\/index.php?rest_route=\/wp\/v2\/pages\/17","targetHints":{"allow":["GET"]}}],"collection":[{"href":"https:\/\/huabn.eu\/index.php?rest_route=\/wp\/v2\/pages"}],"about":[{"href":"https:\/\/huabn.eu\/index.php?rest_route=\/wp\/v2\/types\/page"}],"author":[{"embeddable":true,"href":"https:\/\/huabn.eu\/index.php?rest_route=\/wp\/v2\/users\/4"}],"replies":[{"embeddable":true,"href":"https:\/\/huabn.eu\/index.php?rest_route=%2Fwp%2Fv2%2Fcomments&post=17"}],"version-history":[{"count":1,"href":"https:\/\/huabn.eu\/index.php?rest_route=\/wp\/v2\/pages\/17\/revisions"}],"predecessor-version":[{"id":2115,"href":"https:\/\/huabn.eu\/index.php?rest_route=\/wp\/v2\/pages\/17\/revisions\/2115"}],"wp:attachment":[{"href":"https:\/\/huabn.eu\/index.php?rest_route=%2Fwp%2Fv2%2Fmedia&parent=17"}],"curies":[{"name":"wp","href":"https:\/\/api.w.org\/{rel}","templated":true}]}}