{"id":199,"date":"2012-02-03T11:28:48","date_gmt":"2012-02-03T11:28:48","guid":{"rendered":"http:\/\/www.huabn.eu\/?page_id=199"},"modified":"2023-05-03T08:01:07","modified_gmt":"2023-05-03T08:01:07","slug":"links","status":"publish","type":"page","link":"https:\/\/huabn.eu\/?page_id=199","title":{"rendered":"LINKS"},"content":{"rendered":"<p><span style=\"font-size: 12pt;\"><strong>&nbsp;<\/strong><\/span><\/p>\n<table style=\"width: 507px;\" border=\"0\" frame=\"void\" rules=\"none\" cellspacing=\"10\" cellpadding=\"15\">\n<tbody>\n<tr>\n<td><span style=\"font-size: 12pt;\">&nbsp;<a href=\"http:\/\/vulkanland.at\/\"><img loading=\"lazy\" decoding=\"async\" title=\"Vulkanland\" src=\"http:\/\/www.huabn.eu\/wp-content\/uploads\/2012\/02\/Vulkanland1-e1329065980645.jpg\" alt=\"\" width=\"150\" height=\"43\"><\/a><\/span><\/td>\n<td>&nbsp;<\/td>\n<\/tr>\n<\/tbody>\n<\/table>\n<p>&nbsp;<\/p>\n<p><span style=\"font-size: 12pt;\"><strong>PartnerInnen<\/strong><\/span><\/p>\n<p><span style=\"font-size: 12pt;\"><a href=\"http:\/\/www.spiritour.at\">Spirit of Regions<\/a> &#8211; Organisation von ma\u00dfgeschneiderten Touren in der Region<\/span><\/p>\n<p><span style=\"font-size: 12pt;\"><a href=\"https:\/\/www.andrea-langhold.com\/\">Andrea Langhold<\/a> &#8211; die Spezialistin f\u00fcr Konfliktl\u00f6sung in Unternehmen<\/span><\/p>\n<p>&nbsp;<\/p>\n<p><span style=\"font-size: 12pt;\"><strong>F\u00fcr`s k\u00f6rperliche Wohlbefinden<\/strong><\/span><\/p>\n<p><span style=\"font-size: 12pt;\"><a href=\"http:\/\/www.gleichenbergerhof.at\">Hotel Gleichenberger Hof und Villa<\/a><\/span><\/p>\n<p><span style=\"font-size: 12pt;\"><a href=\"http:\/\/www.kulmberghof.at\">G<\/a><a href=\"http:\/\/www.sonnenhaus-grandl.com\">asthof Kulmberghof<\/a><\/span><\/p>\n<p><span style=\"font-size: 12pt;\"><a href=\"http:\/\/www.sonnenhaus-grandl.com\">Sonnenhaus Grandl<\/a><\/span><\/p>\n<p><span style=\"font-size: 12pt;\"><a href=\"http:\/\/www.steirawirt.at\">Steira Wirt<\/a><\/span><\/p>\n<p><span style=\"font-size: 12pt;\"><a href=\"http:\/\/www.zotter.at\">Zotter Schokoladen<\/a><\/span><\/p>\n<p><span style=\"font-size: 12pt;\"><a href=\"http:\/\/www.steirereck.at\/\">Steirereck<\/a><\/span><\/p>\n<p>&nbsp;<\/p>\n<p><span style=\"font-size: 12pt;\"><strong>Freunde<\/strong><\/span><\/p>\n<p><span style=\"font-size: 12pt;\"><a href=\"http:\/\/www.kraeuterhuegel.at\/\">Andrea Bregar<\/a> &#8211; Kr\u00e4uterp\u00e4dagogin &#8211; Workshops &#8211; Kr\u00e4uterurlaub<\/span><\/p>\n<p><span style=\"font-size: 12pt;\"><a href=\"http:\/\/www.vomhuegel.at\/\">Margrit de Colle<\/a> &#8211; Bioblumen &#8211; Workshops &#8211; Blumencafe<\/span><\/p>\n<p><span style=\"font-size: 12pt;\"><a href=\"http:\/\/www.die-klause.at\/\">Gesundheitsgut Die Klause<\/a><\/span><\/p>\n<p><span style=\"font-size: 12pt;\"><a href=\"http:\/\/www.xundheitswerkstatt.at\" target=\"_blank\" rel=\"noopener\">Xundheitswerkstatt<\/a><\/span><\/p>\n<p><span style=\"font-size: 12pt;\"><a href=\"http:\/\/www.kutschera.org\">Institut Kutschera <\/a><\/span><\/p>\n<p><span style=\"font-size: 12pt;\"><a href=\"http:\/\/www.lindenbaum.info\">Luna Eva Alessio<\/a><\/span><\/p>\n<p>&nbsp;<\/p>\n<p>&nbsp;<\/p>\n","protected":false},"excerpt":{"rendered":"<p>&nbsp; &nbsp; &nbsp; &nbsp; PartnerInnen Spirit of Regions &#8211; Organisation von ma\u00dfgeschneiderten Touren in der Region Andrea Langhold &#8211; die Spezialistin f\u00fcr Konfliktl\u00f6sung in Unternehmen &nbsp; F\u00fcr`s k\u00f6rperliche Wohlbefinden Hotel Gleichenberger Hof und Villa Gasthof Kulmberghof Sonnenhaus Grandl Steira Wirt Zotter Schokoladen Steirereck &nbsp; Freunde Andrea Bregar &#8211; Kr\u00e4uterp\u00e4dagogin &#8211; Workshops &#8211; Kr\u00e4uterurlaub Margrit de [&hellip;]<\/p>\n","protected":false},"author":4,"featured_media":0,"parent":0,"menu_order":9,"comment_status":"open","ping_status":"closed","template":"links_template.php","meta":{"_et_pb_use_builder":"","_et_pb_old_content":"","_et_gb_content_width":"","ngg_post_thumbnail":0,"footnotes":""},"class_list":["post-199","page","type-page","status-publish","hentry"],"yoast_head":"<!-- This site is optimized with the Yoast SEO plugin v27.5 - https:\/\/yoast.com\/product\/yoast-seo-wordpress\/ -->\n<title>LINKS - Huabn<\/title>\n<meta name=\"robots\" content=\"index, follow, max-snippet:-1, max-image-preview:large, max-video-preview:-1\" \/>\n<link rel=\"canonical\" href=\"https:\/\/huabn.eu\/?page_id=199\" \/>\n<meta property=\"og:locale\" content=\"de_DE\" \/>\n<meta property=\"og:type\" content=\"article\" \/>\n<meta property=\"og:title\" content=\"LINKS - Huabn\" \/>\n<meta property=\"og:description\" content=\"&nbsp; &nbsp; &nbsp; &nbsp; PartnerInnen Spirit of Regions &#8211; Organisation von ma\u00dfgeschneiderten Touren in der Region Andrea Langhold &#8211; die Spezialistin f\u00fcr Konfliktl\u00f6sung in Unternehmen &nbsp; F\u00fcr`s k\u00f6rperliche Wohlbefinden Hotel Gleichenberger Hof und Villa Gasthof Kulmberghof Sonnenhaus Grandl Steira Wirt Zotter Schokoladen Steirereck &nbsp; Freunde Andrea Bregar &#8211; Kr\u00e4uterp\u00e4dagogin &#8211; Workshops &#8211; Kr\u00e4uterurlaub Margrit de [&hellip;]\" \/>\n<meta property=\"og:url\" content=\"https:\/\/huabn.eu\/?page_id=199\" \/>\n<meta property=\"og:site_name\" content=\"Huabn\" \/>\n<meta property=\"article:publisher\" content=\"https:\/\/www.facebook.com\/helga.kirchengast\" \/>\n<meta property=\"article:modified_time\" content=\"2023-05-03T08:01:07+00:00\" \/>\n<meta property=\"og:image\" content=\"http:\/\/www.huabn.eu\/wp-content\/uploads\/2012\/02\/Vulkanland1-e1329065980645.jpg\" \/>\n<meta name=\"twitter:card\" content=\"summary_large_image\" \/>\n<meta name=\"twitter:label1\" content=\"Gesch\u00e4tzte Lesezeit\" \/>\n\t<meta name=\"twitter:data1\" content=\"1\u00a0Minute\" \/>\n<script type=\"application\/ld+json\" class=\"yoast-schema-graph\">{\"@context\":\"https:\\\/\\\/schema.org\",\"@graph\":[{\"@type\":\"WebPage\",\"@id\":\"https:\\\/\\\/huabn.eu\\\/?page_id=199\",\"url\":\"https:\\\/\\\/huabn.eu\\\/?page_id=199\",\"name\":\"LINKS - Huabn\",\"isPartOf\":{\"@id\":\"https:\\\/\\\/huabn.eu\\\/#website\"},\"primaryImageOfPage\":{\"@id\":\"https:\\\/\\\/huabn.eu\\\/?page_id=199#primaryimage\"},\"image\":{\"@id\":\"https:\\\/\\\/huabn.eu\\\/?page_id=199#primaryimage\"},\"thumbnailUrl\":\"http:\\\/\\\/www.huabn.eu\\\/wp-content\\\/uploads\\\/2012\\\/02\\\/Vulkanland1-e1329065980645.jpg\",\"datePublished\":\"2012-02-03T11:28:48+00:00\",\"dateModified\":\"2023-05-03T08:01:07+00:00\",\"breadcrumb\":{\"@id\":\"https:\\\/\\\/huabn.eu\\\/?page_id=199#breadcrumb\"},\"inLanguage\":\"de\",\"potentialAction\":[{\"@type\":\"ReadAction\",\"target\":[\"https:\\\/\\\/huabn.eu\\\/?page_id=199\"]}]},{\"@type\":\"ImageObject\",\"inLanguage\":\"de\",\"@id\":\"https:\\\/\\\/huabn.eu\\\/?page_id=199#primaryimage\",\"url\":\"http:\\\/\\\/www.huabn.eu\\\/wp-content\\\/uploads\\\/2012\\\/02\\\/Vulkanland1-e1329065980645.jpg\",\"contentUrl\":\"http:\\\/\\\/www.huabn.eu\\\/wp-content\\\/uploads\\\/2012\\\/02\\\/Vulkanland1-e1329065980645.jpg\"},{\"@type\":\"BreadcrumbList\",\"@id\":\"https:\\\/\\\/huabn.eu\\\/?page_id=199#breadcrumb\",\"itemListElement\":[{\"@type\":\"ListItem\",\"position\":1,\"name\":\"Startseite\",\"item\":\"https:\\\/\\\/huabn.eu\\\/\"},{\"@type\":\"ListItem\",\"position\":2,\"name\":\"LINKS\"}]},{\"@type\":\"WebSite\",\"@id\":\"https:\\\/\\\/huabn.eu\\\/#website\",\"url\":\"https:\\\/\\\/huabn.eu\\\/\",\"name\":\"Huabn - Krafttankstelle & Seminarraum\",\"description\":\"Krafttankstelle &amp; Seminarraum\",\"potentialAction\":[{\"@type\":\"SearchAction\",\"target\":{\"@type\":\"EntryPoint\",\"urlTemplate\":\"https:\\\/\\\/huabn.eu\\\/?s={search_term_string}\"},\"query-input\":{\"@type\":\"PropertyValueSpecification\",\"valueRequired\":true,\"valueName\":\"search_term_string\"}}],\"inLanguage\":\"de\"}]}<\/script>\n<!-- \/ Yoast SEO plugin. -->","yoast_head_json":{"title":"LINKS - Huabn","robots":{"index":"index","follow":"follow","max-snippet":"max-snippet:-1","max-image-preview":"max-image-preview:large","max-video-preview":"max-video-preview:-1"},"canonical":"https:\/\/huabn.eu\/?page_id=199","og_locale":"de_DE","og_type":"article","og_title":"LINKS - Huabn","og_description":"&nbsp; &nbsp; &nbsp; &nbsp; PartnerInnen Spirit of Regions &#8211; Organisation von ma\u00dfgeschneiderten Touren in der Region Andrea Langhold &#8211; die Spezialistin f\u00fcr Konfliktl\u00f6sung in Unternehmen &nbsp; F\u00fcr`s k\u00f6rperliche Wohlbefinden Hotel Gleichenberger Hof und Villa Gasthof Kulmberghof Sonnenhaus Grandl Steira Wirt Zotter Schokoladen Steirereck &nbsp; Freunde Andrea Bregar &#8211; Kr\u00e4uterp\u00e4dagogin &#8211; Workshops &#8211; Kr\u00e4uterurlaub Margrit de [&hellip;]","og_url":"https:\/\/huabn.eu\/?page_id=199","og_site_name":"Huabn","article_publisher":"https:\/\/www.facebook.com\/helga.kirchengast","article_modified_time":"2023-05-03T08:01:07+00:00","og_image":[{"url":"http:\/\/www.huabn.eu\/wp-content\/uploads\/2012\/02\/Vulkanland1-e1329065980645.jpg","type":"","width":"","height":""}],"twitter_card":"summary_large_image","twitter_misc":{"Gesch\u00e4tzte Lesezeit":"1\u00a0Minute"},"schema":{"@context":"https:\/\/schema.org","@graph":[{"@type":"WebPage","@id":"https:\/\/huabn.eu\/?page_id=199","url":"https:\/\/huabn.eu\/?page_id=199","name":"LINKS - Huabn","isPartOf":{"@id":"https:\/\/huabn.eu\/#website"},"primaryImageOfPage":{"@id":"https:\/\/huabn.eu\/?page_id=199#primaryimage"},"image":{"@id":"https:\/\/huabn.eu\/?page_id=199#primaryimage"},"thumbnailUrl":"http:\/\/www.huabn.eu\/wp-content\/uploads\/2012\/02\/Vulkanland1-e1329065980645.jpg","datePublished":"2012-02-03T11:28:48+00:00","dateModified":"2023-05-03T08:01:07+00:00","breadcrumb":{"@id":"https:\/\/huabn.eu\/?page_id=199#breadcrumb"},"inLanguage":"de","potentialAction":[{"@type":"ReadAction","target":["https:\/\/huabn.eu\/?page_id=199"]}]},{"@type":"ImageObject","inLanguage":"de","@id":"https:\/\/huabn.eu\/?page_id=199#primaryimage","url":"http:\/\/www.huabn.eu\/wp-content\/uploads\/2012\/02\/Vulkanland1-e1329065980645.jpg","contentUrl":"http:\/\/www.huabn.eu\/wp-content\/uploads\/2012\/02\/Vulkanland1-e1329065980645.jpg"},{"@type":"BreadcrumbList","@id":"https:\/\/huabn.eu\/?page_id=199#breadcrumb","itemListElement":[{"@type":"ListItem","position":1,"name":"Startseite","item":"https:\/\/huabn.eu\/"},{"@type":"ListItem","position":2,"name":"LINKS"}]},{"@type":"WebSite","@id":"https:\/\/huabn.eu\/#website","url":"https:\/\/huabn.eu\/","name":"Huabn - Krafttankstelle & Seminarraum","description":"Krafttankstelle &amp; Seminarraum","potentialAction":[{"@type":"SearchAction","target":{"@type":"EntryPoint","urlTemplate":"https:\/\/huabn.eu\/?s={search_term_string}"},"query-input":{"@type":"PropertyValueSpecification","valueRequired":true,"valueName":"search_term_string"}}],"inLanguage":"de"}]}},"_links":{"self":[{"href":"https:\/\/huabn.eu\/index.php?rest_route=\/wp\/v2\/pages\/199","targetHints":{"allow":["GET"]}}],"collection":[{"href":"https:\/\/huabn.eu\/index.php?rest_route=\/wp\/v2\/pages"}],"about":[{"href":"https:\/\/huabn.eu\/index.php?rest_route=\/wp\/v2\/types\/page"}],"author":[{"embeddable":true,"href":"https:\/\/huabn.eu\/index.php?rest_route=\/wp\/v2\/users\/4"}],"replies":[{"embeddable":true,"href":"https:\/\/huabn.eu\/index.php?rest_route=%2Fwp%2Fv2%2Fcomments&post=199"}],"version-history":[{"count":1,"href":"https:\/\/huabn.eu\/index.php?rest_route=\/wp\/v2\/pages\/199\/revisions"}],"predecessor-version":[{"id":2117,"href":"https:\/\/huabn.eu\/index.php?rest_route=\/wp\/v2\/pages\/199\/revisions\/2117"}],"wp:attachment":[{"href":"https:\/\/huabn.eu\/index.php?rest_route=%2Fwp%2Fv2%2Fmedia&parent=199"}],"curies":[{"name":"wp","href":"https:\/\/api.w.org\/{rel}","templated":true}]}}