{"id":301,"date":"2012-02-03T23:29:39","date_gmt":"2012-02-03T23:29:39","guid":{"rendered":"http:\/\/www.huabn.eu\/?page_id=301"},"modified":"2023-05-08T08:48:59","modified_gmt":"2023-05-08T08:48:59","slug":"start","status":"publish","type":"page","link":"https:\/\/huabn.eu\/","title":{"rendered":"Start"},"content":{"rendered":"<p><span style=\"font-size: 12pt; line-height: 150%;\"><em>&#8222;Schl\u00e4ft ein Lied in allen Dingen,<\/em><\/span><br \/>\n<span style=\"font-size: 12pt; line-height: 150%;\"> <em>Die da tr\u00e4umen fort und fort,<\/em><\/span><br \/>\n<span style=\"font-size: 12pt; line-height: 150%;\"> <em>Und die Welt hebt an zu singen,<\/em><\/span><br \/>\n<span style=\"font-size: 12pt; line-height: 150%;\"> <em>Triffst du nur das Zauberwort.\u201c<\/em><\/span><\/p>\n<p><span style=\"font-size: 12pt; line-height: 150%;\"><em>Joseph von Eichendorff<\/em><\/span><\/p>\n<p style=\"text-align: left;\"><span style=\"font-size: 12pt; line-height: 150%;\">Als vitaler Kraftplatz f\u00fchrt die HUABN alle schnell in ihre ureigene Schwingung.<br \/>\n<\/span><\/p>\n<p style=\"text-align: left;\"><span style=\"font-size: 12pt; line-height: 150%;\"><strong>Hier finden SIE ihr pers\u00f6nliches Zauberwort.<\/strong><\/span><\/p>\n<p><span style=\"font-size: 12pt;\">Ihre verborgenen bzw. nicht gelebten Potenziale und Talente zum Klingen zu bringen, unterst\u00fctzen <a href=\"http:\/\/www.huabn.eu\/?page_id=10\" target=\"_blank\" rel=\"noopener\">Helga &amp; Josef Kirchengast&nbsp;<\/a> gerne mit <a href=\"http:\/\/www.huabn.eu\/?page_id=792\" target=\"_blank\" rel=\"noopener\">LebenSinn-Coaching<\/a>, und diversen <a href=\"http:\/\/www.huabn.eu\/?p=1570\" target=\"_blank\" rel=\"noopener\">Kulturveranstaltungen<\/a>.<\/span><span style=\"font-size: 12pt;\">Die Krafttankstelle Huabn am Fu\u00df der Gleichenberger Kogel ist eingebettet in die sanften H\u00fcgel des Steirischen Vulkanlandes und bietet ein ideales Ambiente f\u00fcr Seminare, Workshops, Klausuren, Konferenzen,&#8230; oder auch f\u00fcr Ihre Feier. <\/span><\/p>\n<p><span style=\"font-size: 12pt;\">Umgeben von Natur&nbsp; erleben und finden Sie hier&nbsp; Ruhe und Geborgenheit, Kraft und Inspiration.<\/span><\/p>\n<p><span style=\"font-size: 12pt;\">Gerne&nbsp; k\u00f6nnen Sie die Huabn f\u00fcr Ihr Vorhaben mieten.<\/span><\/p>\n<p>&nbsp;<\/p>\n<p><span style=\"font-size: 12pt;\"><span style=\"line-height: 150%;\">&nbsp;<\/span><\/span><\/p>\n<p><span style=\"font-size: 12pt; line-height: 150%;\">&nbsp;<\/span><\/p>\n<h2>&nbsp;<\/h2>\n","protected":false},"excerpt":{"rendered":"<p>&#8222;Schl\u00e4ft ein Lied in allen Dingen, Die da tr\u00e4umen fort und fort, Und die Welt hebt an zu singen, Triffst du nur das Zauberwort.\u201c Joseph von Eichendorff Als vitaler Kraftplatz f\u00fchrt die HUABN alle schnell in ihre ureigene Schwingung. Hier finden SIE ihr pers\u00f6nliches Zauberwort. Ihre verborgenen bzw. nicht gelebten Potenziale und Talente zum Klingen [&hellip;]<\/p>\n","protected":false},"author":4,"featured_media":0,"parent":0,"menu_order":1,"comment_status":"open","ping_status":"open","template":"huabn_template.php","meta":{"_et_pb_use_builder":"","_et_pb_old_content":"","_et_gb_content_width":"","ngg_post_thumbnail":0,"footnotes":""},"class_list":["post-301","page","type-page","status-publish","hentry"],"yoast_head":"<!-- This site is optimized with the Yoast SEO plugin v27.5 - https:\/\/yoast.com\/product\/yoast-seo-wordpress\/ -->\n<title>Start - Huabn<\/title>\n<meta name=\"robots\" content=\"index, follow, max-snippet:-1, max-image-preview:large, max-video-preview:-1\" \/>\n<link rel=\"canonical\" href=\"https:\/\/huabn.eu\/\" \/>\n<meta property=\"og:locale\" content=\"de_DE\" \/>\n<meta property=\"og:type\" content=\"article\" \/>\n<meta property=\"og:title\" content=\"Start - Huabn\" \/>\n<meta property=\"og:description\" content=\"&#8222;Schl\u00e4ft ein Lied in allen Dingen, Die da tr\u00e4umen fort und fort, Und die Welt hebt an zu singen, Triffst du nur das Zauberwort.\u201c Joseph von Eichendorff Als vitaler Kraftplatz f\u00fchrt die HUABN alle schnell in ihre ureigene Schwingung. Hier finden SIE ihr pers\u00f6nliches Zauberwort. Ihre verborgenen bzw. nicht gelebten Potenziale und Talente zum Klingen [&hellip;]\" \/>\n<meta property=\"og:url\" content=\"https:\/\/huabn.eu\/\" \/>\n<meta property=\"og:site_name\" content=\"Huabn\" \/>\n<meta property=\"article:publisher\" content=\"https:\/\/www.facebook.com\/helga.kirchengast\" \/>\n<meta property=\"article:modified_time\" content=\"2023-05-08T08:48:59+00:00\" \/>\n<meta name=\"twitter:card\" content=\"summary_large_image\" \/>\n<meta name=\"twitter:label1\" content=\"Gesch\u00e4tzte Lesezeit\" \/>\n\t<meta name=\"twitter:data1\" content=\"1\u00a0Minute\" \/>\n<script type=\"application\/ld+json\" class=\"yoast-schema-graph\">{\"@context\":\"https:\\\/\\\/schema.org\",\"@graph\":[{\"@type\":\"WebPage\",\"@id\":\"https:\\\/\\\/huabn.eu\\\/\",\"url\":\"https:\\\/\\\/huabn.eu\\\/\",\"name\":\"Start - Huabn\",\"isPartOf\":{\"@id\":\"https:\\\/\\\/huabn.eu\\\/#website\"},\"datePublished\":\"2012-02-03T23:29:39+00:00\",\"dateModified\":\"2023-05-08T08:48:59+00:00\",\"breadcrumb\":{\"@id\":\"https:\\\/\\\/huabn.eu\\\/#breadcrumb\"},\"inLanguage\":\"de\",\"potentialAction\":[{\"@type\":\"ReadAction\",\"target\":[\"https:\\\/\\\/huabn.eu\\\/\"]}]},{\"@type\":\"BreadcrumbList\",\"@id\":\"https:\\\/\\\/huabn.eu\\\/#breadcrumb\",\"itemListElement\":[{\"@type\":\"ListItem\",\"position\":1,\"name\":\"Startseite\",\"item\":\"https:\\\/\\\/huabn.eu\\\/\"},{\"@type\":\"ListItem\",\"position\":2,\"name\":\"Start\"}]},{\"@type\":\"WebSite\",\"@id\":\"https:\\\/\\\/huabn.eu\\\/#website\",\"url\":\"https:\\\/\\\/huabn.eu\\\/\",\"name\":\"Huabn - Krafttankstelle & Seminarraum\",\"description\":\"Krafttankstelle &amp; Seminarraum\",\"potentialAction\":[{\"@type\":\"SearchAction\",\"target\":{\"@type\":\"EntryPoint\",\"urlTemplate\":\"https:\\\/\\\/huabn.eu\\\/?s={search_term_string}\"},\"query-input\":{\"@type\":\"PropertyValueSpecification\",\"valueRequired\":true,\"valueName\":\"search_term_string\"}}],\"inLanguage\":\"de\"}]}<\/script>\n<!-- \/ Yoast SEO plugin. -->","yoast_head_json":{"title":"Start - Huabn","robots":{"index":"index","follow":"follow","max-snippet":"max-snippet:-1","max-image-preview":"max-image-preview:large","max-video-preview":"max-video-preview:-1"},"canonical":"https:\/\/huabn.eu\/","og_locale":"de_DE","og_type":"article","og_title":"Start - Huabn","og_description":"&#8222;Schl\u00e4ft ein Lied in allen Dingen, Die da tr\u00e4umen fort und fort, Und die Welt hebt an zu singen, Triffst du nur das Zauberwort.\u201c Joseph von Eichendorff Als vitaler Kraftplatz f\u00fchrt die HUABN alle schnell in ihre ureigene Schwingung. Hier finden SIE ihr pers\u00f6nliches Zauberwort. Ihre verborgenen bzw. nicht gelebten Potenziale und Talente zum Klingen [&hellip;]","og_url":"https:\/\/huabn.eu\/","og_site_name":"Huabn","article_publisher":"https:\/\/www.facebook.com\/helga.kirchengast","article_modified_time":"2023-05-08T08:48:59+00:00","twitter_card":"summary_large_image","twitter_misc":{"Gesch\u00e4tzte Lesezeit":"1\u00a0Minute"},"schema":{"@context":"https:\/\/schema.org","@graph":[{"@type":"WebPage","@id":"https:\/\/huabn.eu\/","url":"https:\/\/huabn.eu\/","name":"Start - Huabn","isPartOf":{"@id":"https:\/\/huabn.eu\/#website"},"datePublished":"2012-02-03T23:29:39+00:00","dateModified":"2023-05-08T08:48:59+00:00","breadcrumb":{"@id":"https:\/\/huabn.eu\/#breadcrumb"},"inLanguage":"de","potentialAction":[{"@type":"ReadAction","target":["https:\/\/huabn.eu\/"]}]},{"@type":"BreadcrumbList","@id":"https:\/\/huabn.eu\/#breadcrumb","itemListElement":[{"@type":"ListItem","position":1,"name":"Startseite","item":"https:\/\/huabn.eu\/"},{"@type":"ListItem","position":2,"name":"Start"}]},{"@type":"WebSite","@id":"https:\/\/huabn.eu\/#website","url":"https:\/\/huabn.eu\/","name":"Huabn - Krafttankstelle & Seminarraum","description":"Krafttankstelle &amp; Seminarraum","potentialAction":[{"@type":"SearchAction","target":{"@type":"EntryPoint","urlTemplate":"https:\/\/huabn.eu\/?s={search_term_string}"},"query-input":{"@type":"PropertyValueSpecification","valueRequired":true,"valueName":"search_term_string"}}],"inLanguage":"de"}]}},"_links":{"self":[{"href":"https:\/\/huabn.eu\/index.php?rest_route=\/wp\/v2\/pages\/301","targetHints":{"allow":["GET"]}}],"collection":[{"href":"https:\/\/huabn.eu\/index.php?rest_route=\/wp\/v2\/pages"}],"about":[{"href":"https:\/\/huabn.eu\/index.php?rest_route=\/wp\/v2\/types\/page"}],"author":[{"embeddable":true,"href":"https:\/\/huabn.eu\/index.php?rest_route=\/wp\/v2\/users\/4"}],"replies":[{"embeddable":true,"href":"https:\/\/huabn.eu\/index.php?rest_route=%2Fwp%2Fv2%2Fcomments&post=301"}],"version-history":[{"count":12,"href":"https:\/\/huabn.eu\/index.php?rest_route=\/wp\/v2\/pages\/301\/revisions"}],"predecessor-version":[{"id":2202,"href":"https:\/\/huabn.eu\/index.php?rest_route=\/wp\/v2\/pages\/301\/revisions\/2202"}],"wp:attachment":[{"href":"https:\/\/huabn.eu\/index.php?rest_route=%2Fwp%2Fv2%2Fmedia&parent=301"}],"curies":[{"name":"wp","href":"https:\/\/api.w.org\/{rel}","templated":true}]}}