{"id":311,"date":"2012-02-04T09:37:26","date_gmt":"2012-02-04T09:37:26","guid":{"rendered":"http:\/\/www.huabn.eu\/?page_id=311"},"modified":"2023-05-03T08:04:55","modified_gmt":"2023-05-03T08:04:55","slug":"kleine-geschichte-der-huabn","status":"publish","type":"page","link":"https:\/\/huabn.eu\/?page_id=311","title":{"rendered":"Kleine Geschichte der Huabn"},"content":{"rendered":"<h2>&nbsp;<\/h2>\n<h2><span style=\"font-size: 12pt;\">Kleine Geschichte der Huabn<\/span><\/h2>\n<p>&nbsp;<\/p>\n<p><span style=\"font-size: 12pt;\">Huabn bedeutet so viel wie kleine Landwirtschaft und ist als Begriff eher in der Obersteiermark gel\u00e4ufig, obwohl die s\u00fcdliche Steiermark eine viel kleinteiligere Besitzstruktur aufweist.<\/span><br \/>\n<span style=\"font-size: 12pt;\">Unsere HUABN, rund viereinhalb Hektar Wiesen, \u00c4cker und Wald, war einmal eine Nebenerwerbs-Landwirtschaft, deren Lebensmittel eine ganze Familie ern\u00e4hrten.<\/span><br \/>\n<span style=\"font-size: 12pt;\">Josefs Eltern \u2013 Vater Josef, ein geb\u00fcrtiger M\u00fchldorfer, und Mutter Justine, eine Obersteirerin, erwarben das Anwesen, das Anfang der 1970er-Jahre zum Verkauf stand,&nbsp; als Sommer- und Alterssitz. Fortan war es ihre HUABN. Die Wiesen und \u00c4cker wurden dann in Pacht bewirtschaftet.<\/span><\/p>\n<p><span style=\"font-size: 12pt;\">Sp\u00e4ter \u00fcbernahmen Helga und Josef die Huabn und \u00fcberlegten, was sie aus dem landschaftlich reizvollen, wegen des teils steilen Gel\u00e4ndes aber schwer zu bewirtschaftenden Anwesen machen k\u00f6nnten.<\/span><\/p>\n<p><span style=\"font-size: 12pt;\">So entstand die Idee eines kleinen Seminarzentrums, eingebettet in die H\u00fcgellandschaft des Steirischen Vulkanlandes&nbsp; &#8211;&nbsp;&nbsp;<strong>an einem Ort, der Geborgenheit vermittelt und die Besinnung auf die wirklich wichtigen Dinge im Leben f\u00f6rdert.<\/strong><\/span><br \/>\n<span style=\"font-size: 12pt;\">Das Seminargeb\u00e4ude steht genau auf dem Platz des einstigen Wirtschaftsgeb\u00e4udes (Stall, Scheune, Wirtschaftsr\u00e4ume ) und hat ungef\u00e4hr die gleiche Form. Die landwirtschaftlichen Gr\u00fcnde werden gro\u00dfteils im Rahmen des EU-Programms \u201ePflege \u00f6kologisch wertvoller Fl\u00e4chen\u201c (Erhaltung der Vielfalt in Flora und Fauna, absolut keine Chemie) instand gehalten.<\/span><\/p>\n<p>&nbsp;<\/p>\n<p>&nbsp;<\/p>\n<p>&nbsp;<\/p>\n","protected":false},"excerpt":{"rendered":"<p>&nbsp; Kleine Geschichte der Huabn &nbsp; Huabn bedeutet so viel wie kleine Landwirtschaft und ist als Begriff eher in der Obersteiermark gel\u00e4ufig, obwohl die s\u00fcdliche Steiermark eine viel kleinteiligere Besitzstruktur aufweist. Unsere HUABN, rund viereinhalb Hektar Wiesen, \u00c4cker und Wald, war einmal eine Nebenerwerbs-Landwirtschaft, deren Lebensmittel eine ganze Familie ern\u00e4hrten. Josefs Eltern \u2013 Vater Josef, [&hellip;]<\/p>\n","protected":false},"author":4,"featured_media":0,"parent":10,"menu_order":0,"comment_status":"open","ping_status":"closed","template":"geschichte_template.php","meta":{"_et_pb_use_builder":"","_et_pb_old_content":"","_et_gb_content_width":"","ngg_post_thumbnail":0,"footnotes":""},"class_list":["post-311","page","type-page","status-publish","hentry"],"yoast_head":"<!-- This site is optimized with the Yoast SEO plugin v27.4 - https:\/\/yoast.com\/product\/yoast-seo-wordpress\/ -->\n<title>Kleine Geschichte der Huabn - Huabn<\/title>\n<meta name=\"robots\" content=\"index, follow, max-snippet:-1, max-image-preview:large, max-video-preview:-1\" \/>\n<link rel=\"canonical\" href=\"https:\/\/huabn.eu\/?page_id=311\" \/>\n<meta property=\"og:locale\" content=\"de_DE\" \/>\n<meta property=\"og:type\" content=\"article\" \/>\n<meta property=\"og:title\" content=\"Kleine Geschichte der Huabn - Huabn\" \/>\n<meta property=\"og:description\" content=\"&nbsp; Kleine Geschichte der Huabn &nbsp; Huabn bedeutet so viel wie kleine Landwirtschaft und ist als Begriff eher in der Obersteiermark gel\u00e4ufig, obwohl die s\u00fcdliche Steiermark eine viel kleinteiligere Besitzstruktur aufweist. Unsere HUABN, rund viereinhalb Hektar Wiesen, \u00c4cker und Wald, war einmal eine Nebenerwerbs-Landwirtschaft, deren Lebensmittel eine ganze Familie ern\u00e4hrten. Josefs Eltern \u2013 Vater Josef, [&hellip;]\" \/>\n<meta property=\"og:url\" content=\"https:\/\/huabn.eu\/?page_id=311\" \/>\n<meta property=\"og:site_name\" content=\"Huabn\" \/>\n<meta property=\"article:publisher\" content=\"https:\/\/www.facebook.com\/helga.kirchengast\" \/>\n<meta property=\"article:modified_time\" content=\"2023-05-03T08:04:55+00:00\" \/>\n<meta name=\"twitter:card\" content=\"summary_large_image\" \/>\n<meta name=\"twitter:label1\" content=\"Gesch\u00e4tzte Lesezeit\" \/>\n\t<meta name=\"twitter:data1\" content=\"2\u00a0Minuten\" \/>\n<script type=\"application\/ld+json\" class=\"yoast-schema-graph\">{\"@context\":\"https:\\\/\\\/schema.org\",\"@graph\":[{\"@type\":\"WebPage\",\"@id\":\"https:\\\/\\\/huabn.eu\\\/?page_id=311\",\"url\":\"https:\\\/\\\/huabn.eu\\\/?page_id=311\",\"name\":\"Kleine Geschichte der Huabn - Huabn\",\"isPartOf\":{\"@id\":\"https:\\\/\\\/huabn.eu\\\/#website\"},\"datePublished\":\"2012-02-04T09:37:26+00:00\",\"dateModified\":\"2023-05-03T08:04:55+00:00\",\"breadcrumb\":{\"@id\":\"https:\\\/\\\/huabn.eu\\\/?page_id=311#breadcrumb\"},\"inLanguage\":\"de\",\"potentialAction\":[{\"@type\":\"ReadAction\",\"target\":[\"https:\\\/\\\/huabn.eu\\\/?page_id=311\"]}]},{\"@type\":\"BreadcrumbList\",\"@id\":\"https:\\\/\\\/huabn.eu\\\/?page_id=311#breadcrumb\",\"itemListElement\":[{\"@type\":\"ListItem\",\"position\":1,\"name\":\"Startseite\",\"item\":\"https:\\\/\\\/huabn.eu\\\/\"},{\"@type\":\"ListItem\",\"position\":2,\"name\":\"DIE HUABN UND WIR\",\"item\":\"https:\\\/\\\/huabn.eu\\\/?page_id=10\"},{\"@type\":\"ListItem\",\"position\":3,\"name\":\"Kleine Geschichte der Huabn\"}]},{\"@type\":\"WebSite\",\"@id\":\"https:\\\/\\\/huabn.eu\\\/#website\",\"url\":\"https:\\\/\\\/huabn.eu\\\/\",\"name\":\"Huabn - Krafttankstelle & Seminarraum\",\"description\":\"Krafttankstelle &amp; Seminarraum\",\"potentialAction\":[{\"@type\":\"SearchAction\",\"target\":{\"@type\":\"EntryPoint\",\"urlTemplate\":\"https:\\\/\\\/huabn.eu\\\/?s={search_term_string}\"},\"query-input\":{\"@type\":\"PropertyValueSpecification\",\"valueRequired\":true,\"valueName\":\"search_term_string\"}}],\"inLanguage\":\"de\"}]}<\/script>\n<!-- \/ Yoast SEO plugin. -->","yoast_head_json":{"title":"Kleine Geschichte der Huabn - Huabn","robots":{"index":"index","follow":"follow","max-snippet":"max-snippet:-1","max-image-preview":"max-image-preview:large","max-video-preview":"max-video-preview:-1"},"canonical":"https:\/\/huabn.eu\/?page_id=311","og_locale":"de_DE","og_type":"article","og_title":"Kleine Geschichte der Huabn - Huabn","og_description":"&nbsp; Kleine Geschichte der Huabn &nbsp; Huabn bedeutet so viel wie kleine Landwirtschaft und ist als Begriff eher in der Obersteiermark gel\u00e4ufig, obwohl die s\u00fcdliche Steiermark eine viel kleinteiligere Besitzstruktur aufweist. Unsere HUABN, rund viereinhalb Hektar Wiesen, \u00c4cker und Wald, war einmal eine Nebenerwerbs-Landwirtschaft, deren Lebensmittel eine ganze Familie ern\u00e4hrten. Josefs Eltern \u2013 Vater Josef, [&hellip;]","og_url":"https:\/\/huabn.eu\/?page_id=311","og_site_name":"Huabn","article_publisher":"https:\/\/www.facebook.com\/helga.kirchengast","article_modified_time":"2023-05-03T08:04:55+00:00","twitter_card":"summary_large_image","twitter_misc":{"Gesch\u00e4tzte Lesezeit":"2\u00a0Minuten"},"schema":{"@context":"https:\/\/schema.org","@graph":[{"@type":"WebPage","@id":"https:\/\/huabn.eu\/?page_id=311","url":"https:\/\/huabn.eu\/?page_id=311","name":"Kleine Geschichte der Huabn - Huabn","isPartOf":{"@id":"https:\/\/huabn.eu\/#website"},"datePublished":"2012-02-04T09:37:26+00:00","dateModified":"2023-05-03T08:04:55+00:00","breadcrumb":{"@id":"https:\/\/huabn.eu\/?page_id=311#breadcrumb"},"inLanguage":"de","potentialAction":[{"@type":"ReadAction","target":["https:\/\/huabn.eu\/?page_id=311"]}]},{"@type":"BreadcrumbList","@id":"https:\/\/huabn.eu\/?page_id=311#breadcrumb","itemListElement":[{"@type":"ListItem","position":1,"name":"Startseite","item":"https:\/\/huabn.eu\/"},{"@type":"ListItem","position":2,"name":"DIE HUABN UND WIR","item":"https:\/\/huabn.eu\/?page_id=10"},{"@type":"ListItem","position":3,"name":"Kleine Geschichte der Huabn"}]},{"@type":"WebSite","@id":"https:\/\/huabn.eu\/#website","url":"https:\/\/huabn.eu\/","name":"Huabn - Krafttankstelle & Seminarraum","description":"Krafttankstelle &amp; Seminarraum","potentialAction":[{"@type":"SearchAction","target":{"@type":"EntryPoint","urlTemplate":"https:\/\/huabn.eu\/?s={search_term_string}"},"query-input":{"@type":"PropertyValueSpecification","valueRequired":true,"valueName":"search_term_string"}}],"inLanguage":"de"}]}},"_links":{"self":[{"href":"https:\/\/huabn.eu\/index.php?rest_route=\/wp\/v2\/pages\/311","targetHints":{"allow":["GET"]}}],"collection":[{"href":"https:\/\/huabn.eu\/index.php?rest_route=\/wp\/v2\/pages"}],"about":[{"href":"https:\/\/huabn.eu\/index.php?rest_route=\/wp\/v2\/types\/page"}],"author":[{"embeddable":true,"href":"https:\/\/huabn.eu\/index.php?rest_route=\/wp\/v2\/users\/4"}],"replies":[{"embeddable":true,"href":"https:\/\/huabn.eu\/index.php?rest_route=%2Fwp%2Fv2%2Fcomments&post=311"}],"version-history":[{"count":1,"href":"https:\/\/huabn.eu\/index.php?rest_route=\/wp\/v2\/pages\/311\/revisions"}],"predecessor-version":[{"id":2114,"href":"https:\/\/huabn.eu\/index.php?rest_route=\/wp\/v2\/pages\/311\/revisions\/2114"}],"up":[{"embeddable":true,"href":"https:\/\/huabn.eu\/index.php?rest_route=\/wp\/v2\/pages\/10"}],"wp:attachment":[{"href":"https:\/\/huabn.eu\/index.php?rest_route=%2Fwp%2Fv2%2Fmedia&parent=311"}],"curies":[{"name":"wp","href":"https:\/\/api.w.org\/{rel}","templated":true}]}}