{"id":792,"date":"2013-06-17T12:41:58","date_gmt":"2013-06-17T12:41:58","guid":{"rendered":"http:\/\/www.huabn.eu\/?page_id=792"},"modified":"2023-05-03T07:54:31","modified_gmt":"2023-05-03T07:54:31","slug":"lebensinn-einfach-sein","status":"publish","type":"page","link":"https:\/\/huabn.eu\/?page_id=792","title":{"rendered":"LEBENSINN &#038; HUABN"},"content":{"rendered":"<p style=\"text-align: center;\"><span style=\"font-size: 12pt;\">&nbsp;<a href=\"http:\/\/www.huabn.eu\/wp-content\/uploads\/2013\/06\/Logo-.jpg\"><img loading=\"lazy\" decoding=\"async\" class=\"size-full wp-image-1132\" src=\"http:\/\/www.huabn.eu\/wp-content\/uploads\/2013\/06\/Logo-.jpg\" alt=\"Logo\" width=\"555\" height=\"75\"><\/a><\/span><\/p>\n<p style=\"text-align: center;\"><span style=\"color: #800000; font-size: 12pt;\"><strong><em>\u201e<span style=\"font-family: Arial,sans-serif;\">Da es der Gesundheit sehr f\u00f6rderlich ist,<br \/>\n<\/span><\/em><\/strong><em><span style=\"font-family: Arial,sans-serif;\"><strong>habe ich beschlossen, gl\u00fccklich zu sein\u201c<\/strong><\/span><\/em><\/span><\/p>\n<p style=\"text-align: center;\"><span style=\"font-size: 12pt;\"><a href=\"http:\/\/www.huabn.eu\/wp-content\/uploads\/2013\/06\/P1110583.jpg\"><img loading=\"lazy\" decoding=\"async\" class=\"wp-image-1895 aligncenter\" src=\"http:\/\/www.huabn.eu\/wp-content\/uploads\/2013\/06\/P1110583.jpg\" alt=\"P1110583\" width=\"290\" height=\"266\" srcset=\"https:\/\/huabn.eu\/wp-content\/uploads\/2013\/06\/P1110583.jpg 2660w, https:\/\/huabn.eu\/wp-content\/uploads\/2013\/06\/P1110583-300x275.jpg 300w, https:\/\/huabn.eu\/wp-content\/uploads\/2013\/06\/P1110583-768x703.jpg 768w, https:\/\/huabn.eu\/wp-content\/uploads\/2013\/06\/P1110583-1024x937.jpg 1024w, https:\/\/huabn.eu\/wp-content\/uploads\/2013\/06\/P1110583-30x27.jpg 30w\" sizes=\"(max-width: 290px) 100vw, 290px\" \/><\/a><span style=\"color: #800000;\">Helga Kirchengast<\/span><\/span><\/p>\n<p style=\"text-align: left;\" align=\"JUSTIFY\"><span style=\"color: #800000; font-size: 12pt;\"><span style=\"font-family: Arial,sans-serif;\">Dieses Zitat von Voltaire sagt f\u00fcr mich nichts anderes, als dass Lebensqualit\u00e4t und Gesundheit in gewisser Weise abh\u00e4ngig von der inneren Einstellung ist.<br \/>\n<\/span><\/span><\/p>\n<p align=\"JUSTIFY\"><span style=\"color: #800000; font-size: 12pt;\"><span style=\"font-family: Arial,sans-serif;\">Manchmal jedoch, da scheinen die Probleme nicht bew\u00e4ltigbar. In solchen Siturationen bin ich f\u00fcr Sie da! <\/span><\/span><\/p>\n<p align=\"JUSTIFY\"><span style=\"color: #800000; font-size: 12pt;\"><span style=\"font-family: Arial,sans-serif;\">Gerne gehe ich mit Ihnen gemeinsam auf <strong>Schatzsuche zu Ihren Ressourcen.<\/strong><\/span><\/span><\/p>\n<p align=\"JUSTIFY\"><span style=\"color: #800000; font-size: 12pt;\"><span style=\"font-family: Arial,sans-serif;\">Coaching und Mentaltraining unterst\u00fctzen, wichtige Bed\u00fcrfnisse zu erkennen und pers\u00f6nliche L\u00f6sungsstrategien zu entwickeln. Das f\u00fchrt zu mehr <strong>Lebensfreude, Selbstbestimmung, Erfolg <\/strong>und zu einer ausbalancierten Beziehungsgestaltung &#8211; beruflich und privat. Sie finden den individuellen Weg zum Gl\u00fcck und somit zu Ihrer&nbsp; Gesundheit.<br \/>\n<\/span><\/span><\/p>\n<p align=\"JUSTIFY\"><span style=\"color: #800000; font-size: 12pt;\"><span style=\"font-family: Arial,sans-serif;\"><strong>Du sp\u00fcrst wieder Lebensfreude, Begeisterung f\u00fcr Dein Tun und wirst oder bleibst gesund.<\/strong><br \/>\n<\/span><\/span><\/p>\n<p align=\"JUSTIFY\"><span style=\"color: #800000; font-size: 12pt;\"><span style=\"font-family: Arial,sans-serif;\">Meine Spezialgebiete sind <span style=\"color: #99cc00;\"><a style=\"color: #99cc00;\" href=\"http:\/\/www.huabn.eu\/?page_id=897\" target=\"_blank\" rel=\"noopener\">Gesundheitscoaching,<\/a> <\/span><a style=\"color: #800000;\" href=\"http:\/\/www.huabn.eu\/?page_id=882\" target=\"_blank\" rel=\"noopener\"><span style=\"color: #99cc00;\">Lerncoaching<\/span> <\/a>und <span style=\"color: #99cc00;\"><a style=\"color: #99cc00;\" href=\"http:\/\/www.huabn.eu\/?page_id=866\" target=\"_blank\" rel=\"noopener\">Coaching im Schulbereich<\/a>.<\/span> <\/span><\/span><\/p>\n<p align=\"JUSTIFY\"><span style=\"color: #800000; font-size: 12pt;\"><span style=\"font-family: Arial,sans-serif;\">Der Ort, an dem ich am liebsten wirke ist die <span style=\"color: #99cc00;\"><a style=\"color: #99cc00;\" href=\"http:\/\/www.huabn.eu\/\" target=\"_blank\" rel=\"noopener\">HUABN.<\/a><\/span><br \/>\nGerne komme ich auch zu Ihnen.&nbsp; <\/span><\/span><\/p>\n<p align=\"JUSTIFY\"><span style=\"color: #99cc00; font-size: 12pt;\"><a style=\"color: #99cc00;\" href=\"http:\/\/www.huabn.eu\/?page_id=897\" target=\"_blank\" rel=\"noopener\"><span style=\"font-family: Arial,sans-serif;\">&#8230;LebenSinn &#8211; Pr\u00e4vention &amp; Gesundheit<\/span> <\/a><\/span><\/p>\n<p align=\"JUSTIFY\"><span style=\"color: #99cc00; font-size: 12pt;\"><a style=\"color: #99cc00;\" href=\"http:\/\/www.huabn.eu\/?page_id=1690\" target=\"_blank\" rel=\"noopener\"><span style=\"font-family: Arial,sans-serif;\">&#8230;LebenSinn &#8211; Mentaltraining<\/span><\/a><\/span><\/p>\n<p align=\"JUSTIFY\"><span style=\"color: #99cc00; font-size: 12pt;\"><a style=\"color: #99cc00;\" href=\"http:\/\/www.huabn.eu\/?page_id=866\" target=\"_blank\" rel=\"noopener\"><span style=\"font-family: Arial,sans-serif;\">&#8230;LebenSinn &#8211; Schule<\/span> <\/a><\/span><\/p>\n<p align=\"JUSTIFY\"><span style=\"color: #99cc00; font-size: 12pt;\"><a style=\"color: #99cc00;\" href=\"http:\/\/www.huabn.eu\/?page_id=882\" target=\"_blank\" rel=\"noopener\"><span style=\"font-family: Arial,sans-serif;\">&#8230;LebenSinn &#8211; Lerncoaching<\/span><\/a><\/span><\/p>\n<p align=\"JUSTIFY\"><span style=\"color: #800000; font-size: 12pt;\"><span style=\"font-family: Arial,sans-serif;\">Du willst mehr erfahren? +43 (0)676 843 766 600<br \/>\n<\/span><\/span><\/p>\n<p align=\"JUSTIFY\"><span style=\"color: #b84700; font-size: 12pt;\"><span style=\"font-family: Arial,sans-serif;\"><span style=\"color: #800000;\">Ich freue mich auf deinen Anruf !<\/span><br \/>\n<\/span><\/span><\/p>\n<p>&nbsp;<\/p>\n","protected":false},"excerpt":{"rendered":"<p>&nbsp; \u201eDa es der Gesundheit sehr f\u00f6rderlich ist, habe ich beschlossen, gl\u00fccklich zu sein\u201c Helga Kirchengast Dieses Zitat von Voltaire sagt f\u00fcr mich nichts anderes, als dass Lebensqualit\u00e4t und Gesundheit in gewisser Weise abh\u00e4ngig von der inneren Einstellung ist. Manchmal jedoch, da scheinen die Probleme nicht bew\u00e4ltigbar. In solchen Siturationen bin ich f\u00fcr Sie da! [&hellip;]<\/p>\n","protected":false},"author":2,"featured_media":0,"parent":0,"menu_order":2,"comment_status":"open","ping_status":"open","template":"lebenssinn_template.php","meta":{"_et_pb_use_builder":"","_et_pb_old_content":"","_et_gb_content_width":"","ngg_post_thumbnail":0,"footnotes":""},"class_list":["post-792","page","type-page","status-publish","hentry"],"yoast_head":"<!-- This site is optimized with the Yoast SEO plugin v27.5 - https:\/\/yoast.com\/product\/yoast-seo-wordpress\/ -->\n<title>LEBENSINN &amp; HUABN - Huabn<\/title>\n<meta name=\"robots\" content=\"index, follow, max-snippet:-1, max-image-preview:large, max-video-preview:-1\" \/>\n<link rel=\"canonical\" href=\"https:\/\/huabn.eu\/?page_id=792\" \/>\n<meta property=\"og:locale\" content=\"de_DE\" \/>\n<meta property=\"og:type\" content=\"article\" \/>\n<meta property=\"og:title\" content=\"LEBENSINN &amp; HUABN - Huabn\" \/>\n<meta property=\"og:description\" content=\"&nbsp; \u201eDa es der Gesundheit sehr f\u00f6rderlich ist, habe ich beschlossen, gl\u00fccklich zu sein\u201c Helga Kirchengast Dieses Zitat von Voltaire sagt f\u00fcr mich nichts anderes, als dass Lebensqualit\u00e4t und Gesundheit in gewisser Weise abh\u00e4ngig von der inneren Einstellung ist. Manchmal jedoch, da scheinen die Probleme nicht bew\u00e4ltigbar. In solchen Siturationen bin ich f\u00fcr Sie da! [&hellip;]\" \/>\n<meta property=\"og:url\" content=\"https:\/\/huabn.eu\/?page_id=792\" \/>\n<meta property=\"og:site_name\" content=\"Huabn\" \/>\n<meta property=\"article:publisher\" content=\"https:\/\/www.facebook.com\/helga.kirchengast\" \/>\n<meta property=\"article:modified_time\" content=\"2023-05-03T07:54:31+00:00\" \/>\n<meta property=\"og:image\" content=\"http:\/\/www.huabn.eu\/wp-content\/uploads\/2013\/06\/Logo-.jpg\" \/>\n<meta name=\"twitter:card\" content=\"summary_large_image\" \/>\n<meta name=\"twitter:label1\" content=\"Gesch\u00e4tzte Lesezeit\" \/>\n\t<meta name=\"twitter:data1\" content=\"2\u00a0Minuten\" \/>\n<script type=\"application\/ld+json\" class=\"yoast-schema-graph\">{\"@context\":\"https:\\\/\\\/schema.org\",\"@graph\":[{\"@type\":\"WebPage\",\"@id\":\"https:\\\/\\\/huabn.eu\\\/?page_id=792\",\"url\":\"https:\\\/\\\/huabn.eu\\\/?page_id=792\",\"name\":\"LEBENSINN & HUABN - Huabn\",\"isPartOf\":{\"@id\":\"https:\\\/\\\/huabn.eu\\\/#website\"},\"primaryImageOfPage\":{\"@id\":\"https:\\\/\\\/huabn.eu\\\/?page_id=792#primaryimage\"},\"image\":{\"@id\":\"https:\\\/\\\/huabn.eu\\\/?page_id=792#primaryimage\"},\"thumbnailUrl\":\"http:\\\/\\\/www.huabn.eu\\\/wp-content\\\/uploads\\\/2013\\\/06\\\/Logo-.jpg\",\"datePublished\":\"2013-06-17T12:41:58+00:00\",\"dateModified\":\"2023-05-03T07:54:31+00:00\",\"breadcrumb\":{\"@id\":\"https:\\\/\\\/huabn.eu\\\/?page_id=792#breadcrumb\"},\"inLanguage\":\"de\",\"potentialAction\":[{\"@type\":\"ReadAction\",\"target\":[\"https:\\\/\\\/huabn.eu\\\/?page_id=792\"]}]},{\"@type\":\"ImageObject\",\"inLanguage\":\"de\",\"@id\":\"https:\\\/\\\/huabn.eu\\\/?page_id=792#primaryimage\",\"url\":\"http:\\\/\\\/www.huabn.eu\\\/wp-content\\\/uploads\\\/2013\\\/06\\\/Logo-.jpg\",\"contentUrl\":\"http:\\\/\\\/www.huabn.eu\\\/wp-content\\\/uploads\\\/2013\\\/06\\\/Logo-.jpg\"},{\"@type\":\"BreadcrumbList\",\"@id\":\"https:\\\/\\\/huabn.eu\\\/?page_id=792#breadcrumb\",\"itemListElement\":[{\"@type\":\"ListItem\",\"position\":1,\"name\":\"Startseite\",\"item\":\"https:\\\/\\\/huabn.eu\\\/\"},{\"@type\":\"ListItem\",\"position\":2,\"name\":\"LEBENSINN &#038; HUABN\"}]},{\"@type\":\"WebSite\",\"@id\":\"https:\\\/\\\/huabn.eu\\\/#website\",\"url\":\"https:\\\/\\\/huabn.eu\\\/\",\"name\":\"Huabn - Krafttankstelle & Seminarraum\",\"description\":\"Krafttankstelle &amp; Seminarraum\",\"potentialAction\":[{\"@type\":\"SearchAction\",\"target\":{\"@type\":\"EntryPoint\",\"urlTemplate\":\"https:\\\/\\\/huabn.eu\\\/?s={search_term_string}\"},\"query-input\":{\"@type\":\"PropertyValueSpecification\",\"valueRequired\":true,\"valueName\":\"search_term_string\"}}],\"inLanguage\":\"de\"}]}<\/script>\n<!-- \/ Yoast SEO plugin. -->","yoast_head_json":{"title":"LEBENSINN & HUABN - Huabn","robots":{"index":"index","follow":"follow","max-snippet":"max-snippet:-1","max-image-preview":"max-image-preview:large","max-video-preview":"max-video-preview:-1"},"canonical":"https:\/\/huabn.eu\/?page_id=792","og_locale":"de_DE","og_type":"article","og_title":"LEBENSINN & HUABN - Huabn","og_description":"&nbsp; \u201eDa es der Gesundheit sehr f\u00f6rderlich ist, habe ich beschlossen, gl\u00fccklich zu sein\u201c Helga Kirchengast Dieses Zitat von Voltaire sagt f\u00fcr mich nichts anderes, als dass Lebensqualit\u00e4t und Gesundheit in gewisser Weise abh\u00e4ngig von der inneren Einstellung ist. Manchmal jedoch, da scheinen die Probleme nicht bew\u00e4ltigbar. In solchen Siturationen bin ich f\u00fcr Sie da! [&hellip;]","og_url":"https:\/\/huabn.eu\/?page_id=792","og_site_name":"Huabn","article_publisher":"https:\/\/www.facebook.com\/helga.kirchengast","article_modified_time":"2023-05-03T07:54:31+00:00","og_image":[{"url":"http:\/\/www.huabn.eu\/wp-content\/uploads\/2013\/06\/Logo-.jpg","type":"","width":"","height":""}],"twitter_card":"summary_large_image","twitter_misc":{"Gesch\u00e4tzte Lesezeit":"2\u00a0Minuten"},"schema":{"@context":"https:\/\/schema.org","@graph":[{"@type":"WebPage","@id":"https:\/\/huabn.eu\/?page_id=792","url":"https:\/\/huabn.eu\/?page_id=792","name":"LEBENSINN & HUABN - Huabn","isPartOf":{"@id":"https:\/\/huabn.eu\/#website"},"primaryImageOfPage":{"@id":"https:\/\/huabn.eu\/?page_id=792#primaryimage"},"image":{"@id":"https:\/\/huabn.eu\/?page_id=792#primaryimage"},"thumbnailUrl":"http:\/\/www.huabn.eu\/wp-content\/uploads\/2013\/06\/Logo-.jpg","datePublished":"2013-06-17T12:41:58+00:00","dateModified":"2023-05-03T07:54:31+00:00","breadcrumb":{"@id":"https:\/\/huabn.eu\/?page_id=792#breadcrumb"},"inLanguage":"de","potentialAction":[{"@type":"ReadAction","target":["https:\/\/huabn.eu\/?page_id=792"]}]},{"@type":"ImageObject","inLanguage":"de","@id":"https:\/\/huabn.eu\/?page_id=792#primaryimage","url":"http:\/\/www.huabn.eu\/wp-content\/uploads\/2013\/06\/Logo-.jpg","contentUrl":"http:\/\/www.huabn.eu\/wp-content\/uploads\/2013\/06\/Logo-.jpg"},{"@type":"BreadcrumbList","@id":"https:\/\/huabn.eu\/?page_id=792#breadcrumb","itemListElement":[{"@type":"ListItem","position":1,"name":"Startseite","item":"https:\/\/huabn.eu\/"},{"@type":"ListItem","position":2,"name":"LEBENSINN &#038; HUABN"}]},{"@type":"WebSite","@id":"https:\/\/huabn.eu\/#website","url":"https:\/\/huabn.eu\/","name":"Huabn - Krafttankstelle & Seminarraum","description":"Krafttankstelle &amp; Seminarraum","potentialAction":[{"@type":"SearchAction","target":{"@type":"EntryPoint","urlTemplate":"https:\/\/huabn.eu\/?s={search_term_string}"},"query-input":{"@type":"PropertyValueSpecification","valueRequired":true,"valueName":"search_term_string"}}],"inLanguage":"de"}]}},"_links":{"self":[{"href":"https:\/\/huabn.eu\/index.php?rest_route=\/wp\/v2\/pages\/792","targetHints":{"allow":["GET"]}}],"collection":[{"href":"https:\/\/huabn.eu\/index.php?rest_route=\/wp\/v2\/pages"}],"about":[{"href":"https:\/\/huabn.eu\/index.php?rest_route=\/wp\/v2\/types\/page"}],"author":[{"embeddable":true,"href":"https:\/\/huabn.eu\/index.php?rest_route=\/wp\/v2\/users\/2"}],"replies":[{"embeddable":true,"href":"https:\/\/huabn.eu\/index.php?rest_route=%2Fwp%2Fv2%2Fcomments&post=792"}],"version-history":[{"count":1,"href":"https:\/\/huabn.eu\/index.php?rest_route=\/wp\/v2\/pages\/792\/revisions"}],"predecessor-version":[{"id":2106,"href":"https:\/\/huabn.eu\/index.php?rest_route=\/wp\/v2\/pages\/792\/revisions\/2106"}],"wp:attachment":[{"href":"https:\/\/huabn.eu\/index.php?rest_route=%2Fwp%2Fv2%2Fmedia&parent=792"}],"curies":[{"name":"wp","href":"https:\/\/api.w.org\/{rel}","templated":true}]}}