{"id":897,"date":"2013-06-17T16:04:16","date_gmt":"2013-06-17T16:04:16","guid":{"rendered":"http:\/\/www.huabn.eu\/?page_id=897"},"modified":"2023-05-03T07:56:16","modified_gmt":"2023-05-03T07:56:16","slug":"lebensinn-pravention-gesundheit","status":"publish","type":"page","link":"https:\/\/huabn.eu\/?page_id=897","title":{"rendered":"LebenSinn &#8211; Gesundheit I Pr\u00e4vention"},"content":{"rendered":"<p align=\"JUSTIFY\"><span style=\"color: #b84700; font-size: 12pt;\"><span style=\"font-family: Arial,sans-serif;\"><b>&nbsp;<a href=\"http:\/\/www.huabn.eu\/wp-content\/uploads\/2013\/06\/Logo-.jpg\"><img loading=\"lazy\" decoding=\"async\" class=\"wp-image-1132 alignnone\" src=\"http:\/\/www.huabn.eu\/wp-content\/uploads\/2013\/06\/Logo-.jpg\" alt=\"Logo\" width=\"552\" height=\"84\" srcset=\"https:\/\/huabn.eu\/wp-content\/uploads\/2013\/06\/Logo-.jpg 624w, https:\/\/huabn.eu\/wp-content\/uploads\/2013\/06\/Logo--300x45.jpg 300w, https:\/\/huabn.eu\/wp-content\/uploads\/2013\/06\/Logo--30x4.jpg 30w\" sizes=\"(max-width: 552px) 100vw, 552px\" \/><\/a><br \/>\n<\/b><\/span><\/span><\/p>\n<p align=\"JUSTIFY\"><span style=\"font-size: 12pt;\"><span style=\"color: #b84700;\"><span style=\"font-family: Arial,sans-serif;\"><b>&nbsp;<\/b><strong>Gesundheitscoaching &#8211; was ist das?<\/strong><\/span><\/span><span style=\"color: #b84700;\"><span style=\"font-family: Arial,sans-serif;\"><strong><br \/>\n<\/strong>Wenn eine Fee erschiene und du drei W\u00fcnsche nennen darfst, die sie dir erf\u00fcllt&#8230;. <\/span><\/span><\/span><\/p>\n<p align=\"JUSTIFY\"><span style=\"color: #b84700; font-size: 12pt;\"><span style=\"font-family: Arial,sans-serif;\">Gesundheit ist wahrscheinlich dabei &#8211; oder? <\/span><\/span><\/p>\n<p align=\"JUSTIFY\"><span style=\"color: #b84700; font-size: 12pt;\"><span style=\"font-family: Arial,sans-serif;\">Was aber genau ist Gesundheit?<br \/>\nSo individuell, wie wir Menschen sind, gibt es darauf viele unterschiedliche Antworten.<br \/>\nDie Weltgesundheitsorganisation <b>WHO definiert Gesundheit als Zustand des vollst\u00e4ndigen k\u00f6rperlichen, geistigen und sozialen Wohlbefindens<\/b> und als wesentlichen Bestandteil des allt\u00e4glichen Lebens.<\/span><\/span><\/p>\n<p align=\"JUSTIFY\"><span style=\"color: #b84700; font-size: 12pt;\"><span style=\"font-family: Arial,sans-serif;\">Dieser ganzheitlichen Sichtweise wird in unserem Gesundheitssystem noch zu wenig Rechnung getragen. <b>Gesundheitscoaching und Mentaltrainig k\u00f6nnen eine sehr hilfreiche Erg\u00e4nzung zur hervorragenden medizinischen Versorgung in unserem Land sein. <\/b><\/span><\/span><\/p>\n<p align=\"JUSTIFY\"><span style=\"color: #b84700; font-size: 12pt;\"><span style=\"font-family: Arial,sans-serif;\">Ich gehe davon aus, dass der K\u00f6rper uns zeigt, welche Herzensw\u00fcnsche wir nicht leben. Diese versteckten oder verdr\u00e4ngten Ziele f\u00fchren zu unbewussten Blockaden. Ich denke, jeder Mensch kennt dieses diffuse Gef\u00fchl, dass etwas nicht im Lot ist. Oft genug \u00fcbergehen wir diese Zeichen, weil uns der Alltag fest im Griff hat, bis unser K\u00f6rper uns immer st\u00e4rkere Signale schickt. Im schlimmsten Fall sind es wirklich ernste Krankheiten. <\/span><\/span><\/p>\n<p align=\"JUSTIFY\"><span style=\"color: #b84700; font-size: 12pt;\"><span style=\"font-family: Arial,sans-serif;\">Beim Gesundheitscoaching entdecken wir gemeinsam, welche versteckten Botschaften sich hinter den Symptomen verbergen. Diese zeigen sehr individuell, wie es gelingt, gesund zu werden oder zu bleiben. So wird (oft gemeinsam mit anderen therapeutischen Ma\u00dfnahmen) das <b>Immunsystem wieder fit, und die Selbstheilungskr\u00e4fte sind aktiv<\/b>. <\/span><\/span><\/p>\n<p align=\"JUSTIFY\"><span style=\"color: #b84700; font-size: 12pt;\"><span style=\"font-family: Arial,sans-serif;\">So zum Beispiel Maria: Sie hat mit ihrer l\u00e4stigen Harninkontinenz alle medizinischen Untersuchungen durchlaufen, mit dem Ergebnis, nur eine Operation k\u00f6nne ihr helfen. Maria wollte aber vor einem so gro\u00dfen Eingriff eine alternative M\u00f6glichkeit der Heilung ausprobieren und kam zu mir zum Gesundheitscoaching. Neugieriges liebevolles Fragen und aufmerksames Zuh\u00f6ren haben mir und Maria gezeigt, was die tiefere Ursache ihrer Krankheit ist. Dies hat unmittelbar zu einem gelasseneren, entspannteren Umgang mit ihrer Situation beigetragen. Die gemeinsam entwickelte Strategie zur L\u00f6sung des urs\u00e4chlichen Problems hat nach einiger Zeit zur Heilung gef\u00fchrt und ihr die Operation erspart. <\/span><\/span><\/p>\n<p align=\"JUSTIFY\"><span style=\"color: #b84700; font-size: 12pt;\"><span style=\"font-family: Arial,sans-serif;\">Achtsames Zuh\u00f6ren, Mentaltraining und die Macht der Gedanken, systemische Interventionen und Aufstellungsarbeit, Phantasiereisen und die heilende Kraft der Natur sind meine wichtigsten Werkzeuge, gemeinsam mit meinen Klienten den individuellen Zugang zu Gesundheit und Wohlbefinden zu entdecken. <\/span><\/span><\/p>\n<p align=\"JUSTIFY\"><span style=\"color: #b84700; font-size: 12pt;\"><span style=\"font-family: Arial,sans-serif;\">Im <b>Krankheitsfall<\/b>, empfehle ich <b> Einzel-Gesundheitscoaching<\/b>, idealerweise gemeinsam mit dem behandelnden Arzt abgesprochen. <\/span><\/span><\/p>\n<p align=\"JUSTIFY\"><span style=\"color: #b84700; font-size: 12pt;\"><span style=\"font-family: Arial,sans-serif;\">Als <b>Pr\u00e4ventionsma\u00dfnahme<\/b> eignet sich <b>Gesundheitscoaching in Gruppen<\/b> sehr gut.<br \/>\nEntweder zu fixen periodischen Terminen oder als entspannendes Gesundheitswochenende.<\/span><\/span><\/p>\n<p align=\"JUSTIFY\"><span style=\"color: #b84700; font-size: 12pt;\"><span style=\"font-family: Arial,sans-serif;\">Meine Angebote auf der HUABN:<br \/>\nEinzelcoaching<br \/>\nPr\u00e4ventions-Gruppencoaching <a href=\"http:\/\/www.huabn.eu\/?p=1159\" target=\"_blank\" rel=\"noopener\">Kraft Tanken <\/a><br \/>\nTagesseminar <a href=\"http:\/\/www.huabn.eu\/?p=1087\" target=\"_blank\" rel=\"noopener\">Im Herz-Schritt unterwegs<\/a><br \/>\n<\/span><\/span><\/p>\n<p align=\"JUSTIFY\"><span style=\"color: #b84700; font-size: 12pt;\"><span style=\"font-family: Arial,sans-serif;\">Referenzen:<br \/>\nBurnout-Pr\u00e4vention f\u00fcr Gesundheitsberufe AK Nieder\u00f6sterreich<br \/>\nBurnoutpr\u00e4vention f\u00fcr LehrerInnen, HS Furth<br \/>\nProjekt des&nbsp; Fonds gesundes \u00d6sterreich: Psychosoziale Gesundheit Hak I BFI Wien<br \/>\n<\/span><\/span><\/p>\n<p align=\"JUSTIFY\"><span style=\"color: #b84700; font-size: 12pt;\"><span style=\"font-family: Arial,sans-serif;\">&nbsp;<\/span><\/span><\/p>\n<p align=\"JUSTIFY\"><span style=\"color: #000000; font-size: 12pt;\"><span style=\"font-family: DejaVu Sans,sans-serif;\">&nbsp;<\/span><\/span><\/p>\n<p><span style=\"color: #ff6600; font-size: 12pt;\">&nbsp;<\/span><\/p>\n","protected":false},"excerpt":{"rendered":"<p>&nbsp; &nbsp;Gesundheitscoaching &#8211; was ist das? Wenn eine Fee erschiene und du drei W\u00fcnsche nennen darfst, die sie dir erf\u00fcllt&#8230;. Gesundheit ist wahrscheinlich dabei &#8211; oder? Was aber genau ist Gesundheit? So individuell, wie wir Menschen sind, gibt es darauf viele unterschiedliche Antworten. Die Weltgesundheitsorganisation WHO definiert Gesundheit als Zustand des vollst\u00e4ndigen k\u00f6rperlichen, geistigen und [&hellip;]<\/p>\n","protected":false},"author":2,"featured_media":0,"parent":792,"menu_order":0,"comment_status":"open","ping_status":"open","template":"lebenssinn_template.php","meta":{"_et_pb_use_builder":"","_et_pb_old_content":"","_et_gb_content_width":"","ngg_post_thumbnail":0,"footnotes":""},"class_list":["post-897","page","type-page","status-publish","hentry"],"yoast_head":"<!-- This site is optimized with the Yoast SEO plugin v27.5 - https:\/\/yoast.com\/product\/yoast-seo-wordpress\/ -->\n<title>LebenSinn - Gesundheit I Pr\u00e4vention - Huabn<\/title>\n<meta name=\"robots\" content=\"index, follow, max-snippet:-1, max-image-preview:large, max-video-preview:-1\" \/>\n<link rel=\"canonical\" href=\"https:\/\/huabn.eu\/?page_id=897\" \/>\n<meta property=\"og:locale\" content=\"de_DE\" \/>\n<meta property=\"og:type\" content=\"article\" \/>\n<meta property=\"og:title\" content=\"LebenSinn - Gesundheit I Pr\u00e4vention - Huabn\" \/>\n<meta property=\"og:description\" content=\"&nbsp; &nbsp;Gesundheitscoaching &#8211; was ist das? Wenn eine Fee erschiene und du drei W\u00fcnsche nennen darfst, die sie dir erf\u00fcllt&#8230;. Gesundheit ist wahrscheinlich dabei &#8211; oder? Was aber genau ist Gesundheit? So individuell, wie wir Menschen sind, gibt es darauf viele unterschiedliche Antworten. Die Weltgesundheitsorganisation WHO definiert Gesundheit als Zustand des vollst\u00e4ndigen k\u00f6rperlichen, geistigen und [&hellip;]\" \/>\n<meta property=\"og:url\" content=\"https:\/\/huabn.eu\/?page_id=897\" \/>\n<meta property=\"og:site_name\" content=\"Huabn\" \/>\n<meta property=\"article:publisher\" content=\"https:\/\/www.facebook.com\/helga.kirchengast\" \/>\n<meta property=\"article:modified_time\" content=\"2023-05-03T07:56:16+00:00\" \/>\n<meta property=\"og:image\" content=\"http:\/\/www.huabn.eu\/wp-content\/uploads\/2013\/06\/Logo-.jpg\" \/>\n<meta name=\"twitter:card\" content=\"summary_large_image\" \/>\n<meta name=\"twitter:label1\" content=\"Gesch\u00e4tzte Lesezeit\" \/>\n\t<meta name=\"twitter:data1\" content=\"3\u00a0Minuten\" \/>\n<script type=\"application\/ld+json\" class=\"yoast-schema-graph\">{\"@context\":\"https:\\\/\\\/schema.org\",\"@graph\":[{\"@type\":\"WebPage\",\"@id\":\"https:\\\/\\\/huabn.eu\\\/?page_id=897\",\"url\":\"https:\\\/\\\/huabn.eu\\\/?page_id=897\",\"name\":\"LebenSinn - Gesundheit I Pr\u00e4vention - Huabn\",\"isPartOf\":{\"@id\":\"https:\\\/\\\/huabn.eu\\\/#website\"},\"primaryImageOfPage\":{\"@id\":\"https:\\\/\\\/huabn.eu\\\/?page_id=897#primaryimage\"},\"image\":{\"@id\":\"https:\\\/\\\/huabn.eu\\\/?page_id=897#primaryimage\"},\"thumbnailUrl\":\"http:\\\/\\\/www.huabn.eu\\\/wp-content\\\/uploads\\\/2013\\\/06\\\/Logo-.jpg\",\"datePublished\":\"2013-06-17T16:04:16+00:00\",\"dateModified\":\"2023-05-03T07:56:16+00:00\",\"breadcrumb\":{\"@id\":\"https:\\\/\\\/huabn.eu\\\/?page_id=897#breadcrumb\"},\"inLanguage\":\"de\",\"potentialAction\":[{\"@type\":\"ReadAction\",\"target\":[\"https:\\\/\\\/huabn.eu\\\/?page_id=897\"]}]},{\"@type\":\"ImageObject\",\"inLanguage\":\"de\",\"@id\":\"https:\\\/\\\/huabn.eu\\\/?page_id=897#primaryimage\",\"url\":\"http:\\\/\\\/www.huabn.eu\\\/wp-content\\\/uploads\\\/2013\\\/06\\\/Logo-.jpg\",\"contentUrl\":\"http:\\\/\\\/www.huabn.eu\\\/wp-content\\\/uploads\\\/2013\\\/06\\\/Logo-.jpg\"},{\"@type\":\"BreadcrumbList\",\"@id\":\"https:\\\/\\\/huabn.eu\\\/?page_id=897#breadcrumb\",\"itemListElement\":[{\"@type\":\"ListItem\",\"position\":1,\"name\":\"Startseite\",\"item\":\"https:\\\/\\\/huabn.eu\\\/\"},{\"@type\":\"ListItem\",\"position\":2,\"name\":\"LEBENSINN &#038; HUABN\",\"item\":\"https:\\\/\\\/huabn.eu\\\/?page_id=792\"},{\"@type\":\"ListItem\",\"position\":3,\"name\":\"LebenSinn &#8211; Gesundheit I Pr\u00e4vention\"}]},{\"@type\":\"WebSite\",\"@id\":\"https:\\\/\\\/huabn.eu\\\/#website\",\"url\":\"https:\\\/\\\/huabn.eu\\\/\",\"name\":\"Huabn - Krafttankstelle & Seminarraum\",\"description\":\"Krafttankstelle &amp; Seminarraum\",\"potentialAction\":[{\"@type\":\"SearchAction\",\"target\":{\"@type\":\"EntryPoint\",\"urlTemplate\":\"https:\\\/\\\/huabn.eu\\\/?s={search_term_string}\"},\"query-input\":{\"@type\":\"PropertyValueSpecification\",\"valueRequired\":true,\"valueName\":\"search_term_string\"}}],\"inLanguage\":\"de\"}]}<\/script>\n<!-- \/ Yoast SEO plugin. -->","yoast_head_json":{"title":"LebenSinn - Gesundheit I Pr\u00e4vention - Huabn","robots":{"index":"index","follow":"follow","max-snippet":"max-snippet:-1","max-image-preview":"max-image-preview:large","max-video-preview":"max-video-preview:-1"},"canonical":"https:\/\/huabn.eu\/?page_id=897","og_locale":"de_DE","og_type":"article","og_title":"LebenSinn - Gesundheit I Pr\u00e4vention - Huabn","og_description":"&nbsp; &nbsp;Gesundheitscoaching &#8211; was ist das? Wenn eine Fee erschiene und du drei W\u00fcnsche nennen darfst, die sie dir erf\u00fcllt&#8230;. Gesundheit ist wahrscheinlich dabei &#8211; oder? Was aber genau ist Gesundheit? So individuell, wie wir Menschen sind, gibt es darauf viele unterschiedliche Antworten. Die Weltgesundheitsorganisation WHO definiert Gesundheit als Zustand des vollst\u00e4ndigen k\u00f6rperlichen, geistigen und [&hellip;]","og_url":"https:\/\/huabn.eu\/?page_id=897","og_site_name":"Huabn","article_publisher":"https:\/\/www.facebook.com\/helga.kirchengast","article_modified_time":"2023-05-03T07:56:16+00:00","og_image":[{"url":"http:\/\/www.huabn.eu\/wp-content\/uploads\/2013\/06\/Logo-.jpg","type":"","width":"","height":""}],"twitter_card":"summary_large_image","twitter_misc":{"Gesch\u00e4tzte Lesezeit":"3\u00a0Minuten"},"schema":{"@context":"https:\/\/schema.org","@graph":[{"@type":"WebPage","@id":"https:\/\/huabn.eu\/?page_id=897","url":"https:\/\/huabn.eu\/?page_id=897","name":"LebenSinn - Gesundheit I Pr\u00e4vention - Huabn","isPartOf":{"@id":"https:\/\/huabn.eu\/#website"},"primaryImageOfPage":{"@id":"https:\/\/huabn.eu\/?page_id=897#primaryimage"},"image":{"@id":"https:\/\/huabn.eu\/?page_id=897#primaryimage"},"thumbnailUrl":"http:\/\/www.huabn.eu\/wp-content\/uploads\/2013\/06\/Logo-.jpg","datePublished":"2013-06-17T16:04:16+00:00","dateModified":"2023-05-03T07:56:16+00:00","breadcrumb":{"@id":"https:\/\/huabn.eu\/?page_id=897#breadcrumb"},"inLanguage":"de","potentialAction":[{"@type":"ReadAction","target":["https:\/\/huabn.eu\/?page_id=897"]}]},{"@type":"ImageObject","inLanguage":"de","@id":"https:\/\/huabn.eu\/?page_id=897#primaryimage","url":"http:\/\/www.huabn.eu\/wp-content\/uploads\/2013\/06\/Logo-.jpg","contentUrl":"http:\/\/www.huabn.eu\/wp-content\/uploads\/2013\/06\/Logo-.jpg"},{"@type":"BreadcrumbList","@id":"https:\/\/huabn.eu\/?page_id=897#breadcrumb","itemListElement":[{"@type":"ListItem","position":1,"name":"Startseite","item":"https:\/\/huabn.eu\/"},{"@type":"ListItem","position":2,"name":"LEBENSINN &#038; HUABN","item":"https:\/\/huabn.eu\/?page_id=792"},{"@type":"ListItem","position":3,"name":"LebenSinn &#8211; Gesundheit I Pr\u00e4vention"}]},{"@type":"WebSite","@id":"https:\/\/huabn.eu\/#website","url":"https:\/\/huabn.eu\/","name":"Huabn - Krafttankstelle & Seminarraum","description":"Krafttankstelle &amp; Seminarraum","potentialAction":[{"@type":"SearchAction","target":{"@type":"EntryPoint","urlTemplate":"https:\/\/huabn.eu\/?s={search_term_string}"},"query-input":{"@type":"PropertyValueSpecification","valueRequired":true,"valueName":"search_term_string"}}],"inLanguage":"de"}]}},"_links":{"self":[{"href":"https:\/\/huabn.eu\/index.php?rest_route=\/wp\/v2\/pages\/897","targetHints":{"allow":["GET"]}}],"collection":[{"href":"https:\/\/huabn.eu\/index.php?rest_route=\/wp\/v2\/pages"}],"about":[{"href":"https:\/\/huabn.eu\/index.php?rest_route=\/wp\/v2\/types\/page"}],"author":[{"embeddable":true,"href":"https:\/\/huabn.eu\/index.php?rest_route=\/wp\/v2\/users\/2"}],"replies":[{"embeddable":true,"href":"https:\/\/huabn.eu\/index.php?rest_route=%2Fwp%2Fv2%2Fcomments&post=897"}],"version-history":[{"count":2,"href":"https:\/\/huabn.eu\/index.php?rest_route=\/wp\/v2\/pages\/897\/revisions"}],"predecessor-version":[{"id":2648,"href":"https:\/\/huabn.eu\/index.php?rest_route=\/wp\/v2\/pages\/897\/revisions\/2648"}],"up":[{"embeddable":true,"href":"https:\/\/huabn.eu\/index.php?rest_route=\/wp\/v2\/pages\/792"}],"wp:attachment":[{"href":"https:\/\/huabn.eu\/index.php?rest_route=%2Fwp%2Fv2%2Fmedia&parent=897"}],"curies":[{"name":"wp","href":"https:\/\/api.w.org\/{rel}","templated":true}]}}